{"id":2714,"date":"2019-06-21T16:59:13","date_gmt":"2019-06-21T14:59:13","guid":{"rendered":"http:\/\/www.ungarn-in-sachsen.de\/?page_id=2714"},"modified":"2023-03-25T16:58:18","modified_gmt":"2023-03-25T15:58:18","slug":"gyermekes-csaladok","status":"publish","type":"page","link":"https:\/\/www.ungarn-in-sachsen.de\/hu\/informationen-fuer-zuwanderer-aus-ungarn\/gyermekes-csaladok\/","title":{"rendered":"Gyermekes csal\u00e1dok"},"content":{"rendered":"<p>[et_pb_section fb_built=&#8221;1&#8243; admin_label=&#8221;Verein&#8221; _builder_version=&#8221;4.19.4&#8243; use_background_color_gradient=&#8221;on&#8221; background_color_gradient_stops=&#8221;rgba(155,155,155,0.5) 0%|rgba(0,0,0,0) 100%&#8221; background_color_gradient_overlays_image=&#8221;on&#8221; background_color_gradient_start=&#8221;rgba(0,0,0,0.5)&#8221; background_color_gradient_end=&#8221;rgba(0,0,0,0)&#8221; background_image=&#8221;https:\/\/www.ungarn-in-sachsen.de\/wp-content\/uploads\/2023\/01\/chemnitzer-weihnachtsmarkt.jpg&#8221; background_position=&#8221;top_center&#8221; background_vertical_offset=&#8221;54%&#8221; custom_margin=&#8221;|||&#8221; custom_padding=&#8221;200px||200px||true|false&#8221; bottom_divider_style=&#8221;wave2&#8243; bottom_divider_color=&#8221;#ffffff&#8221; bottom_divider_flip=&#8221;horizontal&#8221; animation_style=&#8221;slide&#8221; animation_direction=&#8221;top&#8221; animation_intensity_slide=&#8221;5%&#8221; animation_starting_opacity=&#8221;100%&#8221; global_colors_info=&#8221;{}&#8221;][et_pb_row _builder_version=&#8221;4.19.4&#8243; background_size=&#8221;initial&#8221; background_position=&#8221;top_left&#8221; background_repeat=&#8221;repeat&#8221; custom_padding=&#8221;27px|0px|0px|0px&#8221; global_colors_info=&#8221;{}&#8221;][et_pb_column type=&#8221;4_4&#8243; _builder_version=&#8221;4.16&#8243; custom_padding=&#8221;|||&#8221; global_colors_info=&#8221;{}&#8221; custom_padding__hover=&#8221;|||&#8221;][et_pb_text admin_label=&#8221;Title&#8221; _builder_version=&#8221;4.19.4&#8243; text_font=&#8221;||||||||&#8221; header_font=&#8221;|600|||||||&#8221; header_font_size=&#8221;75px&#8221; header_line_height=&#8221;1.2em&#8221; background_layout=&#8221;dark&#8221; animation_style=&#8221;zoom&#8221; animation_direction=&#8221;left&#8221; animation_intensity_zoom=&#8221;10%&#8221; header_font_size_tablet=&#8221;&#8221; header_font_size_phone=&#8221;72px&#8221; header_font_size_last_edited=&#8221;on|phone&#8221; global_colors_info=&#8221;{}&#8221;]<\/p>\n<h1 style=\"font-weight: 400; text-align: center;\">Gyermekes csal\u00e1dok<\/h1>\n<p>[\/et_pb_text][\/et_pb_column][\/et_pb_row][\/et_pb_section][et_pb_section fb_built=&#8221;1&#8243; admin_label=&#8221;\u00dcber uns&#8221; _builder_version=&#8221;4.19.4&#8243; custom_padding=&#8221;|0px|90px|0px|false|false&#8221; global_colors_info=&#8221;{}&#8221;][et_pb_row _builder_version=&#8221;4.16&#8243; global_colors_info=&#8221;{}&#8221;][et_pb_column type=&#8221;4_4&#8243; _builder_version=&#8221;4.16&#8243; custom_padding=&#8221;|||&#8221; global_colors_info=&#8221;{}&#8221; custom_padding__hover=&#8221;|||&#8221;][et_pb_text admin_label=&#8221;Text&#8221; _builder_version=&#8221;4.19.4&#8243; text_font=&#8221;|500||on|||||&#8221; text_text_color=&#8221;rgba(0,0,0,0.75)&#8221; text_orientation=&#8221;center&#8221; hover_enabled=&#8221;0&#8243; global_colors_info=&#8221;{}&#8221; sticky_enabled=&#8221;0&#8243;]<\/p>\n<p>Inform\u00e1ci\u00f3k bev\u00e1ndorl\u00f3k sz\u00e1m\u00e1ra<\/p>\n<p>[\/et_pb_text][et_pb_divider divider_weight=&#8221;3px&#8221; _builder_version=&#8221;4.19.4&#8243; max_width=&#8221;100px&#8221; module_alignment=&#8221;center&#8221; height=&#8221;7px&#8221; global_colors_info=&#8221;{}&#8221;][\/et_pb_divider][et_pb_text _builder_version=&#8221;4.19.4&#8243; text_font=&#8221;||||||||&#8221; header_font=&#8221;||||||||&#8221; header_2_font=&#8221;|500|||||||&#8221; header_2_font_size=&#8221;30px&#8221; header_2_line_height=&#8221;1.5em&#8221; text_orientation=&#8221;center&#8221; global_colors_info=&#8221;{}&#8221;]<\/p>\n<h2>Gyermekes csal\u00e1dok<\/h2>\n<p>[\/et_pb_text][\/et_pb_column][\/et_pb_row][et_pb_row _builder_version=&#8221;4.19.4&#8243; _module_preset=&#8221;default&#8221; global_colors_info=&#8221;{}&#8221;][et_pb_column type=&#8221;4_4&#8243; _builder_version=&#8221;4.19.4&#8243; _module_preset=&#8221;default&#8221; global_colors_info=&#8221;{}&#8221;][et_pb_text _builder_version=&#8221;4.19.4&#8243; _module_preset=&#8221;default&#8221; global_colors_info=&#8221;{}&#8221;]<\/p>\n<h3>Gyermekkedvezm\u00e9ny csak ad\u00f3sz\u00e1mmal<\/h3>\n<p>2016. janu\u00e1r 1-t\u0151l az ad\u00f3azonos\u00edt\u00f3 jel a gyermekkedvezm\u00e9nyre val\u00f3 jogosults\u00e1g k\u00f6vetelm\u00e9ny\u00e9v\u00e9 v\u00e1lik. Az \u00faj szab\u00e1lyoz\u00e1s minden gyermek ut\u00e1n r\u00e9szes\u00fcl\u0151 gyermekre vonatkozik!<\/p>\n<p><strong>Mely sz\u00e1mokat kell bek\u00fcldeni?<\/strong><\/p>\n<p>A Familienkasse <span style=\"text-decoration: underline;\">\u00edr\u00e1sban<\/span> k\u00e9t ad\u00f3azonos\u00edt\u00f3 jelet kell beny\u00fajtani: a gyermek\u00e9t \u00e9s a gyermek ut\u00e1n j\u00e1r\u00f3 kedvezm\u00e9nyben r\u00e9szes\u00fcl\u0151 sz\u00fcl\u0151\u00e9t.<\/p>\n<p><strong>Hol tal\u00e1lhatj\u00e1k meg a sz\u00fcl\u0151k az ad\u00f3azonos\u00edt\u00f3 jeleket?<\/strong><\/p>\n<p>Az ad\u00f3azonos\u00edt\u00f3 sz\u00e1m egy tizenegy sz\u00e1mjegyb\u0151l \u00e1ll\u00f3 sz\u00e1m, amely egy \u00e9leten \u00e1t \u00e9rv\u00e9nyben marad, f\u00fcggetlen\u00fcl att\u00f3l, hogy k\u00f6lt\u00f6zik-e vagy megh\u00e1zasodik.<\/p>\n<p>Itt tal\u00e1lhat\u00f3<\/p>\n<ul>\n<li>a b\u00e9rad\u00f3-kimutat\u00e1son (ezt a sz\u00e1mot TIN-nek is nevezik = Ad\u00f3azonos\u00edt\u00f3 sz\u00e1m az egy\u00e9ni v\u00e1llalkoz\u00f3k ad\u00f3meg\u00e1llap\u00edt\u00e1s\u00e1n\u00e1l vagy a b\u00e9rad\u00f3-nyilatkozatokn\u00e1l).<\/li>\n<li>2008 \u00f3ta minden \u00fajsz\u00fcl\u00f6ttnek elk\u00fcldik r\u00f6viddel a sz\u00fclet\u00e9s ut\u00e1n<\/li>\n<li>Sz\u00fcl\u0151i ad\u00f3bevall\u00e1s<\/li>\n<\/ul>\n<p>Ha a sz\u00e1m nem tal\u00e1lhat\u00f3, a sz\u00fcl\u0151k a Sz\u00f6vets\u00e9gi K\u00f6zponti Ad\u00f3hivatalt\u00f3l is elk\u00fcldhetik azt. Ezt megteheti<\/p>\n<ul>\n<li>e-mailben a k\u00f6vetkez\u0151 c\u00edmre: <span style=\"text-decoration: underline;\"><span style=\"color: #008000;\"><a style=\"color: #008000; text-decoration: underline;\" href=\"&#109;a&#x69;l&#x74;o&#x3a;i&#x6e;f&#x6f;&#64;&#x69;&#100;&#x65;&#110;&#x74;&#105;&#x66;&#105;&#x6b;&#97;&#x74;&#105;&#x6f;&#110;s&#x6d;e&#x72;k&#x6d;a&#x6c;&#46;&#x64;e\" target=\"_blank\" rel=\"noopener\">&#x69;&#110;f&#x6f;&#x40;&#105;d&#x65;&#x6e;&#116;i&#x66;&#x69;&#107;a&#x74;&#x69;&#111;n&#x73;&#109;&#101;r&#x6b;&#109;a&#x6c;&#x2e;&#100;e<\/a><\/span><\/span>,<\/li>\n<li>lev\u00e9lben a Bundeszentralamt f\u00fcr Steuern, Referat St II 3 in 53221 Bonn vagy<\/li>\n<li>k\u00f6zvetlen\u00fcl a weboldalon<\/li>\n<\/ul>\n<p>&nbsp;<\/p>\n<p><strong>Mit tegyenek azok a sz\u00fcl\u0151k, akik nem biztosak abban, hogy megadt\u00e1k-e m\u00e1r az ad\u00f3azonos\u00edt\u00f3 jel\u00fcket?<\/strong><\/p>\n<p>A gyermekt\u00e1mogat\u00e1si k\u00e9relmekben t\u00f6bb \u00e9ve megadj\u00e1k az ad\u00f3azonos\u00edt\u00f3 jel megad\u00e1s\u00e1nak mez\u0151it. Ez\u00e9rt a csal\u00e1di p\u00f3tl\u00e9knak m\u00e1r sok ad\u00f3azonos\u00edt\u00f3 jele van. Azoknak a sz\u00fcl\u0151knek, akik pontosan tudj\u00e1k, hogy m\u00e1r megadt\u00e1k a sz\u00e1mokat, nem kell semmit tenni\u00fck. Azok a sz\u00fcl\u0151k, akik m\u00e1r r\u00e9szes\u00fclnek gyermek ut\u00e1np\u00f3tl\u00e1sban, \u00e9s nem biztosak abban, hogy bejelentett\u00e9k-e m\u00e1r az ad\u00f3azonos\u00edt\u00f3 jel\u00fcket, \u00fajb\u00f3l ny\u00fajts\u00e1k be.<\/p>\n<p><strong>Mi t\u00f6rt\u00e9nik, ha nem k\u00fcldik be az ad\u00f3sz\u00e1mokat?<\/strong><\/p>\n<p>A 2016-ban sz\u00fcletett gyermekek sz\u00fclei nem kapnak gyermekkedvezm\u00e9nyt, ha nem adj\u00e1k meg a sz\u00e1mokat. Azok a sz\u00fcl\u0151k, akik m\u00e1r r\u00e9szes\u00fclnek gyermekkedvezm\u00e9nyben, tov\u00e1bbra is megkapj\u00e1k, mivel a csal\u00e1dt\u00e1mogat\u00e1si hivataln\u00e1l nincs hat\u00e1rid\u0151 az ad\u00f3sz\u00e1m beny\u00fajt\u00e1s\u00e1ra. Ennek ellen\u00e9re miel\u0151bb be kell ny\u00fajtaniuk a sz\u00e1mokat, a csal\u00e1dseg\u00edt\u0151 hivataloknak ugyanis 2016 janu\u00e1rj\u00e1t\u00f3l vissza kell k\u00e9rni\u00fck a befizetett p\u00e9nzt.<\/p>\n<p>&nbsp;<\/p>\n<h3>Napk\u00f6zi k\u00f6zpont<\/h3>\n<p>A gyermekeket t\u00f6rv\u00e9nyileg illeti meg az \u00f3vodai f\u00e9r\u0151hely. Az \u00f6nkorm\u00e1nyzati \u00f3vod\u00e1ba val\u00f3 beiratkoz\u00e1s az Ifj\u00fas\u00e1gi \u00e9s Csal\u00e1d\u00fcgyi Hivatalon kereszt\u00fcl t\u00f6rt\u00e9nik.<\/p>\n<p>Amt f\u00fcr Jugend und Familie &#8211; Abt. Kindertageseinrichtungen<\/p>\n<p>Moritzhof \/ BVZ I, Bahnhofstra\u00dfe 53, 09111 Chemnitz<\/p>\n<p>Telefon: +49 371 488 5121<\/p>\n<p>Fax: +49 371 488 5196<\/p>\n<p>Jelentkez\u00e9si lapok \u00e9s tov\u00e1bbi inform\u00e1ci\u00f3k az al\u00e1bbi c\u00edmen \u00e9rhet\u0151k el:<\/p>\n<p><span style=\"text-decoration: underline;\"><span style=\"color: #008000;\"><a style=\"color: #008000; text-decoration: underline;\" href=\"http:\/\/vis.stadt-chemnitz.de\/eap\/leistungen\/de\/leistung.itl?id=76ba6793-907d-4b5c-8d6a-d564b3b1aa1b\" target=\"_blank\" rel=\"noopener\">http:\/\/vis.stadt-chemnitz.de\/eap\/leistungen\/de\/leistung.itl?id=76ba6793-907d-4b5c-8d6a-d564b3b1aa1b<\/a><\/span><\/span><\/p>\n<h3>\u00a0<\/h3>\n<p>&nbsp;<\/p>\n<h3>Iskola<\/h3>\n<p>Sz\u00e1szorsz\u00e1gban a sz\u00e1sz iskol\u00e1kr\u00f3l sz\u00f3l\u00f3 t\u00f6rv\u00e9ny 26. \u00a7-\u00e1nak (1) bekezd\u00e9se \u00e9rtelm\u00e9ben minden gyermek \u00e9s fiatal, akinek lak\u00f3helye vagy szok\u00e1sos tart\u00f3zkod\u00e1si helye, k\u00e9pz\u00e9si vagy munkahelye Sz\u00e1szorsz\u00e1gban van, k\u00f6teles iskol\u00e1ba j\u00e1rni.<\/p>\n<p><strong>Bejegyz\u00e9s<\/strong><\/p>\n<p>Minden gyermek, aki 06. 30-ig. Az adott \u00e9vben hat \u00e9ven fel\u00fcli gyermekeket sz\u00fcleiknek (gondvisel\u0151inek) be kell jelentkezni\u00fck a lak\u00f3hely\u00fck szerinti \u00e1ltal\u00e1nos iskol\u00e1ba. Gyermekek, akik 01.07. 09.30-ig. t\u00f6ltse be a hatodik \u00e9let\u00e9vet, <span style=\"text-decoration: underline;\">lehet<\/span> regisztr\u00e1lni. Ebben az esetben a korai iskolai felv\u00e9teli k\u00e9relmet az illet\u00e9kes \u00e1ltal\u00e1nos iskola igazgat\u00f3j\u00e1hoz kell beny\u00fajtani.<\/p>\n<p><strong>Fontos utas\u00edt\u00e1sok:<\/strong><\/p>\n<ul>\n<li>A regisztr\u00e1ci\u00f3hoz mindk\u00e9t t\u00f6rv\u00e9nyes gy\u00e1m al\u00e1\u00edr\u00e1sa sz\u00fcks\u00e9ges. Egyed\u00fcl\u00e1ll\u00f3 sz\u00fcl\u0151 eset\u00e9n a fel\u00fcgyeleti igazol\u00e1st kell beny\u00fajtani.<\/li>\n<li>Ha a sz\u00fcl\u0151k \u00f6n\u00e1ll\u00f3 iskol\u00e1ba k\u00edv\u00e1nnak j\u00e1rni, akkor is el\u0151zetesen be kell jelentkezni\u00fck a lak\u00f3k\u00f6rzet\u00fck szerint illet\u00e9kes \u00e1ltal\u00e1nos iskol\u00e1ba.<\/li>\n<\/ul>\n<p><strong>K\u00fclf\u00f6ldi gyermekek \u00e9s k\u00e9s\u0151n hazatelep\u00fcltek gyermekei integr\u00e1ci\u00f3ja<\/strong><\/p>\n<p>Az 1990-es \u00e9vek eleje \u00f3ta l\u00e9tezik egy speci\u00e1lis koncepci\u00f3, amely lehet\u0151v\u00e9 teszi a sz\u00e1szorsz\u00e1gi iskol\u00e1kba \u00e9rkez\u00e9s\u00fck ut\u00e1n felvett k\u00fclf\u00f6ldi gyerekek \u00e9s k\u00e9s\u0151n \u00e1ttelep\u00fcl\u0151k gyermekeinek miel\u0151bbi beilleszked\u00e9s\u00e9t. Ez a sz\u00e1sz koncepci\u00f3 a migr\u00e1nsok iskolai integr\u00e1ci\u00f3j\u00e1ra be\u00e1gyaz\u00f3dik a sz\u00e1sz tantervbe az el\u0151k\u00e9sz\u00edt\u0151 csoportok, el\u0151k\u00e9sz\u00edt\u0151 oszt\u00e1lyok, el\u0151k\u00e9sz\u00edt\u0151 oszt\u00e1lyok sz\u00e1m\u00e1ra a n\u00e9met mint m\u00e1sodik nyelv gyakorlati vonatkoz\u00e1saival 2000\/2009 \u00e1ltal\u00e1nos r\u00e9szk\u00e9nt.<\/p>\n<p>A Sz\u00e1sz \u00c1llam Kultur\u00e1lis Miniszt\u00e9rium\u00e1nak a Sz\u00e1sz Szabad\u00e1llam \u00e1ltal\u00e1nos \u00e9s szakk\u00e9pz\u0151 iskol\u00e1iban val\u00f3 oktat\u00e1s\u00e1ra vonatkoz\u00f3 adminisztrat\u00edv el\u0151\u00edr\u00e1saival \u00f6sszhangban a migr\u00e1nsok iskolai integr\u00e1ci\u00f3ja 3 szakaszban zajlik:<\/p>\n<ol>\n<li>Tan\u00edt\u00e1s el\u0151k\u00e9sz\u00edt\u0151 oszt\u00e1lyokban (egyes \u00e1ltal\u00e1nos \u00e9s k\u00f6z\u00e9piskol\u00e1kban),<\/li>\n<li>Tan\u00edt\u00e1s el\u0151k\u00e9sz\u00edt\u0151 oszt\u00e1lyokban \u00e9s r\u00e9szleges integr\u00e1ci\u00f3 a norm\u00e1l oszt\u00e1lyokban (egyes \u00e1ltal\u00e1nos \u00e9s k\u00f6z\u00e9piskol\u00e1kban) \u00e9s<\/li>\n<li>Tov\u00e1bbi t\u00e1mogat\u00e1s a rendes \u00f3r\u00e1kon minden iskol\u00e1ban, k\u00fcl\u00f6n\u00f6sen az oktat\u00e1s nyelve ter\u00e9n, migr\u00e1nsonk\u00e9nt 0,4 \u00f3ra.<\/li>\n<\/ol>\n<p>A DaZ \u00f3r\u00e1k lehet\u0151v\u00e9 teszik, hogy az iskola bet\u00f6ltse nevel\u00e9si k\u00fcldet\u00e9s\u00e9t, vagyis hogy minden gyermeket nemt\u0151l, vall\u00e1st\u00f3l \u00e9s sz\u00e1rmaz\u00e1st\u00f3l f\u00fcggetlen\u00fcl, k\u00e9pess\u00e9gei szerint optim\u00e1lisan t\u00e1mogasson.<\/p>\n<p><strong>Felk\u00e9sz\u00edt\u0151 \u00f3r\u00e1k Chemnitzben:<\/strong><\/p>\n<p><strong>N\u00e9met mint m\u00e1sodik nyelv az \u00e1ltal\u00e1nos iskol\u00e1ban<\/strong><\/p>\n<p>Charles-Darwin-Grundschule<\/p>\n<p>Alfred-Neubert-Str. 25, 09123 Chemnitz<\/p>\n<p>Telefon: 0371 26602-0<\/p>\n<p>Fax: 0371 26602-20<\/p>\n<p><strong>N\u00e9met mint m\u00e1sodik nyelv k\u00f6z\u00e9piskola<\/strong><\/p>\n<p>Georg-Weert-Mittelschule<\/p>\n<p>Uhlandstr. 2-4,\u00a0 09130 Chemnitz<\/p>\n<p>Telefon: 0371 43227-0<\/p>\n<p>Email: \u00a0\u00a0 <span style=\"text-decoration: underline;\"><span style=\"color: #008000; text-decoration: underline;\"><a style=\"color: #008000; text-decoration: underline;\" href=\"&#109;&#x61;&#x69;&#108;&#x74;&#x6f;:&#x67;&#x62;&#64;&#119;&#x65;e&#114;&#x74;h&#45;&#x6d;s&#46;&#x63;&#46;&#115;&#x68;&#x75;&#116;&#x74;&#x6c;&#101;&#x2e;&#x64;e\" target=\"_blank\" rel=\"noopener\">g&#98;&#x40;&#x77;e&#101;&#x72;&#x74;h&#45;&#109;&#x73;&#x2e;c&#46;&#x73;&#x68;u&#116;&#x74;&#x6c;e&#46;&#100;&#x65;<\/a><\/span><\/span><\/p>\n<p>vagy<\/p>\n<p>Mittelschule am Flughafen<\/p>\n<p>Stra\u00dfe Usti nad Labem 277, 09119 Chemnitz<\/p>\n<p>Telefon: 0371 27120-0<\/p>\n<p>Fax: 0371 271202-16<\/p>\n<p><strong>A n\u00e9met mint m\u00e1sodik nyelv szakmai szempontokkal<\/strong><\/p>\n<p>BSZ f\u00fcr Gastgewerbe, Ern\u00e4hrung und Hauswirtschaft<\/p>\n<p>Arthur-Brettschneider-Stra\u00dfe 17, 09113 Chemnitz<\/p>\n<p>Telefon: 0371 37436-0<\/p>\n<p>Fax: 0371\/37436-42<\/p>\n<p>Email: \u00a0\u00a0 <span style=\"text-decoration: underline; color: #008000;\"><a style=\"color: #008000;\" href=\"&#x6d;&#x61;&#x69;&#108;&#116;o:&#x6b;&#x6f;&#x6e;&#x74;&#97;&#107;t&#64;&#x62;&#x73;&#x7a;&#45;&#99;&#104;em&#x6e;&#x69;&#x74;&#122;&#46;de\" target=\"_blank\" rel=\"noopener\">k&#111;&#x6e;&#x74;a&#107;&#x74;&#x40;b&#115;&#x7a;&#x2d;c&#104;&#x65;&#x6d;n&#105;&#x74;&#x7a;&#46;&#100;&#101;<\/a><\/span><\/p>\n<p>A Sz\u00e1sz Oktat\u00e1si \u00dcgyn\u00f6ks\u00e9g region\u00e1lis irod\u00e1i az iskol\u00e1val kapcsolatos k\u00e9rd\u00e9sekben a r\u00e9gi\u00f3ban el\u00e9rhet\u0151k. <b>Chemnitz migr\u00e1ci\u00f3s koordin\u00e1tora:<\/b><\/p>\n<p>S\u00e4chsische Bildungsagentur, Regionalstelle Chemnitz<\/p>\n<p>Migr\u00e1ci\u00f3s koordin\u00e1tor: Frau Gudrun Enger<\/p>\n<p>Annaberger Stra\u00dfe 119, 09120 Chemnitz<\/p>\n<p>Tel.: (03 71) 53 66-252<\/p>\n<p>Fax: (03 71) 53 66-497<\/p>\n<p><span style=\"text-decoration: underline;\"><span style=\"color: #008000; text-decoration: underline;\"><a style=\"color: #008000; text-decoration: underline;\" href=\"&#x6d;&#x61;&#x69;&#x6c;&#x74;&#x6f;&#x3a;&#103;&#117;&#100;&#114;&#117;n&#46;en&#x67;&#x65;&#x72;&#x40;&#x73;&#x62;&#x61;&#x63;&#46;&#115;&#109;&#107;&#46;sach&#x73;&#x65;&#x6e;&#x2e;&#x64;&#x65;\" target=\"_blank\" rel=\"noopener\">&#x67;&#117;&#x64;&#x72;&#117;&#x6e;&#46;e&#x6e;&#103;e&#x72;&#64;s&#x62;&#97;c&#x2e;&#115;&#x6d;&#x6b;&#46;&#x73;&#x61;&#99;&#x68;&#115;e&#x6e;&#46;d&#x65;<\/a><\/span><\/span><\/p>\n<p>&nbsp;<\/p>\n<p>[\/et_pb_text][\/et_pb_column][\/et_pb_row][\/et_pb_section]<\/p>\n","protected":false},"excerpt":{"rendered":"<p>Gyermekes csal\u00e1dokInform\u00e1ci\u00f3k bev\u00e1ndorl\u00f3k sz\u00e1m\u00e1raGyermekes csal\u00e1dokGyermekkedvezm\u00e9ny csak ad\u00f3sz\u00e1mmal 2016. janu\u00e1r 1-t\u0151l az ad\u00f3azonos\u00edt\u00f3 jel a gyermekkedvezm\u00e9nyre val\u00f3 jogosults\u00e1g k\u00f6vetelm\u00e9ny\u00e9v\u00e9 v\u00e1lik. Az \u00faj szab\u00e1lyoz\u00e1s minden gyermek ut\u00e1n r\u00e9szes\u00fcl\u0151 gyermekre vonatkozik! Mely sz\u00e1mokat [&hellip;]<\/p>\n","protected":false},"author":1,"featured_media":0,"parent":2750,"menu_order":4,"comment_status":"closed","ping_status":"closed","template":"","meta":{"_et_pb_use_builder":"on","_et_pb_old_content":"","_et_gb_content_width":"","footnotes":""},"class_list":["post-2714","page","type-page","status-publish","hentry"],"yoast_head":"<!-- This site is optimized with the Yoast SEO plugin v27.4 - https:\/\/yoast.com\/product\/yoast-seo-wordpress\/ -->\n<title>Gyermekes csal\u00e1dok - Ungarischer Kulturverein Chemnitz und Umgebung e. V.<\/title>\n<meta name=\"robots\" content=\"index, follow, max-snippet:-1, max-image-preview:large, max-video-preview:-1\" \/>\n<link rel=\"canonical\" href=\"https:\/\/www.ungarn-in-sachsen.de\/hu\/informationen-fuer-zuwanderer-aus-ungarn\/gyermekes-csaladok\/\" \/>\n<meta property=\"og:locale\" content=\"hu_HU\" \/>\n<meta property=\"og:type\" content=\"article\" \/>\n<meta property=\"og:title\" content=\"Gyermekes csal\u00e1dok - Ungarischer Kulturverein Chemnitz und Umgebung e. V.\" \/>\n<meta property=\"og:description\" content=\"Gyermekes csal\u00e1dokInform\u00e1ci\u00f3k bev\u00e1ndorl\u00f3k sz\u00e1m\u00e1raGyermekes csal\u00e1dokGyermekkedvezm\u00e9ny csak ad\u00f3sz\u00e1mmal 2016. janu\u00e1r 1-t\u0151l az ad\u00f3azonos\u00edt\u00f3 jel a gyermekkedvezm\u00e9nyre val\u00f3 jogosults\u00e1g k\u00f6vetelm\u00e9ny\u00e9v\u00e9 v\u00e1lik. Az \u00faj szab\u00e1lyoz\u00e1s minden gyermek ut\u00e1n r\u00e9szes\u00fcl\u0151 gyermekre vonatkozik! Mely sz\u00e1mokat [&hellip;]\" \/>\n<meta property=\"og:url\" content=\"https:\/\/www.ungarn-in-sachsen.de\/hu\/informationen-fuer-zuwanderer-aus-ungarn\/gyermekes-csaladok\/\" \/>\n<meta property=\"og:site_name\" content=\"Ungarischer Kulturverein Chemnitz und Umgebung e. V.\" \/>\n<meta property=\"article:publisher\" content=\"https:\/\/www.facebook.com\/Ungarischer-Kulturverein-Chemnitz-und-Umgebung-eV-229421257171599\/\" \/>\n<meta property=\"article:modified_time\" content=\"2023-03-25T15:58:18+00:00\" \/>\n<meta name=\"twitter:card\" content=\"summary_large_image\" \/>\n<meta name=\"twitter:label1\" content=\"Becs\u00fclt olvas\u00e1si id\u0151\" \/>\n\t<meta name=\"twitter:data1\" content=\"8 perc\" \/>\n<script type=\"application\/ld+json\" class=\"yoast-schema-graph\">{\"@context\":\"https:\\\/\\\/schema.org\",\"@graph\":[{\"@type\":\"WebPage\",\"@id\":\"https:\\\/\\\/www.ungarn-in-sachsen.de\\\/hu\\\/informationen-fuer-zuwanderer-aus-ungarn\\\/gyermekes-csaladok\\\/\",\"url\":\"https:\\\/\\\/www.ungarn-in-sachsen.de\\\/hu\\\/informationen-fuer-zuwanderer-aus-ungarn\\\/gyermekes-csaladok\\\/\",\"name\":\"Gyermekes csal\u00e1dok - Ungarischer Kulturverein Chemnitz und Umgebung e. V.\",\"isPartOf\":{\"@id\":\"https:\\\/\\\/www.ungarn-in-sachsen.de\\\/hu\\\/#website\"},\"datePublished\":\"2019-06-21T14:59:13+00:00\",\"dateModified\":\"2023-03-25T15:58:18+00:00\",\"breadcrumb\":{\"@id\":\"https:\\\/\\\/www.ungarn-in-sachsen.de\\\/hu\\\/informationen-fuer-zuwanderer-aus-ungarn\\\/gyermekes-csaladok\\\/#breadcrumb\"},\"inLanguage\":\"hu\",\"potentialAction\":[{\"@type\":\"ReadAction\",\"target\":[\"https:\\\/\\\/www.ungarn-in-sachsen.de\\\/hu\\\/informationen-fuer-zuwanderer-aus-ungarn\\\/gyermekes-csaladok\\\/\"]}]},{\"@type\":\"BreadcrumbList\",\"@id\":\"https:\\\/\\\/www.ungarn-in-sachsen.de\\\/hu\\\/informationen-fuer-zuwanderer-aus-ungarn\\\/gyermekes-csaladok\\\/#breadcrumb\",\"itemListElement\":[{\"@type\":\"ListItem\",\"position\":1,\"name\":\"Startseite\",\"item\":\"https:\\\/\\\/www.ungarn-in-sachsen.de\\\/hu\\\/\"},{\"@type\":\"ListItem\",\"position\":2,\"name\":\"Inform\u00e1ci\u00f3k Magyarorsz\u00e1gr\u00f3l N\u00e9metorsz\u00e1gba bev\u00e1ndorolt szem\u00e9lyeknek\",\"item\":\"https:\\\/\\\/www.ungarn-in-sachsen.de\\\/hu\\\/informationen-fuer-zuwanderer-aus-ungarn\\\/\"},{\"@type\":\"ListItem\",\"position\":3,\"name\":\"Gyermekes csal\u00e1dok\"}]},{\"@type\":\"WebSite\",\"@id\":\"https:\\\/\\\/www.ungarn-in-sachsen.de\\\/hu\\\/#website\",\"url\":\"https:\\\/\\\/www.ungarn-in-sachsen.de\\\/hu\\\/\",\"name\":\"Ungarischer Kulturverein Chemnitz und Umgebung e. V.\",\"description\":\"Treffpunkt f\u00fcr Freunde der ungarischen Kultur\",\"publisher\":{\"@id\":\"https:\\\/\\\/www.ungarn-in-sachsen.de\\\/hu\\\/#organization\"},\"potentialAction\":[{\"@type\":\"SearchAction\",\"target\":{\"@type\":\"EntryPoint\",\"urlTemplate\":\"https:\\\/\\\/www.ungarn-in-sachsen.de\\\/hu\\\/?s={search_term_string}\"},\"query-input\":{\"@type\":\"PropertyValueSpecification\",\"valueRequired\":true,\"valueName\":\"search_term_string\"}}],\"inLanguage\":\"hu\"},{\"@type\":\"Organization\",\"@id\":\"https:\\\/\\\/www.ungarn-in-sachsen.de\\\/hu\\\/#organization\",\"name\":\"Ungarischer Kulturverein Chemnitz und Umgebung e.V.\",\"url\":\"https:\\\/\\\/www.ungarn-in-sachsen.de\\\/hu\\\/\",\"logo\":{\"@type\":\"ImageObject\",\"inLanguage\":\"hu\",\"@id\":\"https:\\\/\\\/www.ungarn-in-sachsen.de\\\/hu\\\/#\\\/schema\\\/logo\\\/image\\\/\",\"url\":\"https:\\\/\\\/www.ungarn-in-sachsen.de\\\/wp-content\\\/uploads\\\/2019\\\/04\\\/logo.jpg\",\"contentUrl\":\"https:\\\/\\\/www.ungarn-in-sachsen.de\\\/wp-content\\\/uploads\\\/2019\\\/04\\\/logo.jpg\",\"width\":266,\"height\":170,\"caption\":\"Ungarischer Kulturverein Chemnitz und Umgebung e.V.\"},\"image\":{\"@id\":\"https:\\\/\\\/www.ungarn-in-sachsen.de\\\/hu\\\/#\\\/schema\\\/logo\\\/image\\\/\"},\"sameAs\":[\"https:\\\/\\\/www.facebook.com\\\/Ungarischer-Kulturverein-Chemnitz-und-Umgebung-eV-229421257171599\\\/\"]}]}<\/script>\n<!-- \/ Yoast SEO plugin. -->","yoast_head_json":{"title":"Gyermekes csal\u00e1dok - Ungarischer Kulturverein Chemnitz und Umgebung e. V.","robots":{"index":"index","follow":"follow","max-snippet":"max-snippet:-1","max-image-preview":"max-image-preview:large","max-video-preview":"max-video-preview:-1"},"canonical":"https:\/\/www.ungarn-in-sachsen.de\/hu\/informationen-fuer-zuwanderer-aus-ungarn\/gyermekes-csaladok\/","og_locale":"hu_HU","og_type":"article","og_title":"Gyermekes csal\u00e1dok - Ungarischer Kulturverein Chemnitz und Umgebung e. V.","og_description":"Gyermekes csal\u00e1dokInform\u00e1ci\u00f3k bev\u00e1ndorl\u00f3k sz\u00e1m\u00e1raGyermekes csal\u00e1dokGyermekkedvezm\u00e9ny csak ad\u00f3sz\u00e1mmal 2016. janu\u00e1r 1-t\u0151l az ad\u00f3azonos\u00edt\u00f3 jel a gyermekkedvezm\u00e9nyre val\u00f3 jogosults\u00e1g k\u00f6vetelm\u00e9ny\u00e9v\u00e9 v\u00e1lik. Az \u00faj szab\u00e1lyoz\u00e1s minden gyermek ut\u00e1n r\u00e9szes\u00fcl\u0151 gyermekre vonatkozik! Mely sz\u00e1mokat [&hellip;]","og_url":"https:\/\/www.ungarn-in-sachsen.de\/hu\/informationen-fuer-zuwanderer-aus-ungarn\/gyermekes-csaladok\/","og_site_name":"Ungarischer Kulturverein Chemnitz und Umgebung e. V.","article_publisher":"https:\/\/www.facebook.com\/Ungarischer-Kulturverein-Chemnitz-und-Umgebung-eV-229421257171599\/","article_modified_time":"2023-03-25T15:58:18+00:00","twitter_card":"summary_large_image","twitter_misc":{"Becs\u00fclt olvas\u00e1si id\u0151":"8 perc"},"schema":{"@context":"https:\/\/schema.org","@graph":[{"@type":"WebPage","@id":"https:\/\/www.ungarn-in-sachsen.de\/hu\/informationen-fuer-zuwanderer-aus-ungarn\/gyermekes-csaladok\/","url":"https:\/\/www.ungarn-in-sachsen.de\/hu\/informationen-fuer-zuwanderer-aus-ungarn\/gyermekes-csaladok\/","name":"Gyermekes csal\u00e1dok - Ungarischer Kulturverein Chemnitz und Umgebung e. V.","isPartOf":{"@id":"https:\/\/www.ungarn-in-sachsen.de\/hu\/#website"},"datePublished":"2019-06-21T14:59:13+00:00","dateModified":"2023-03-25T15:58:18+00:00","breadcrumb":{"@id":"https:\/\/www.ungarn-in-sachsen.de\/hu\/informationen-fuer-zuwanderer-aus-ungarn\/gyermekes-csaladok\/#breadcrumb"},"inLanguage":"hu","potentialAction":[{"@type":"ReadAction","target":["https:\/\/www.ungarn-in-sachsen.de\/hu\/informationen-fuer-zuwanderer-aus-ungarn\/gyermekes-csaladok\/"]}]},{"@type":"BreadcrumbList","@id":"https:\/\/www.ungarn-in-sachsen.de\/hu\/informationen-fuer-zuwanderer-aus-ungarn\/gyermekes-csaladok\/#breadcrumb","itemListElement":[{"@type":"ListItem","position":1,"name":"Startseite","item":"https:\/\/www.ungarn-in-sachsen.de\/hu\/"},{"@type":"ListItem","position":2,"name":"Inform\u00e1ci\u00f3k Magyarorsz\u00e1gr\u00f3l N\u00e9metorsz\u00e1gba bev\u00e1ndorolt szem\u00e9lyeknek","item":"https:\/\/www.ungarn-in-sachsen.de\/hu\/informationen-fuer-zuwanderer-aus-ungarn\/"},{"@type":"ListItem","position":3,"name":"Gyermekes csal\u00e1dok"}]},{"@type":"WebSite","@id":"https:\/\/www.ungarn-in-sachsen.de\/hu\/#website","url":"https:\/\/www.ungarn-in-sachsen.de\/hu\/","name":"Ungarischer Kulturverein Chemnitz und Umgebung e. V.","description":"Treffpunkt f\u00fcr Freunde der ungarischen Kultur","publisher":{"@id":"https:\/\/www.ungarn-in-sachsen.de\/hu\/#organization"},"potentialAction":[{"@type":"SearchAction","target":{"@type":"EntryPoint","urlTemplate":"https:\/\/www.ungarn-in-sachsen.de\/hu\/?s={search_term_string}"},"query-input":{"@type":"PropertyValueSpecification","valueRequired":true,"valueName":"search_term_string"}}],"inLanguage":"hu"},{"@type":"Organization","@id":"https:\/\/www.ungarn-in-sachsen.de\/hu\/#organization","name":"Ungarischer Kulturverein Chemnitz und Umgebung e.V.","url":"https:\/\/www.ungarn-in-sachsen.de\/hu\/","logo":{"@type":"ImageObject","inLanguage":"hu","@id":"https:\/\/www.ungarn-in-sachsen.de\/hu\/#\/schema\/logo\/image\/","url":"https:\/\/www.ungarn-in-sachsen.de\/wp-content\/uploads\/2019\/04\/logo.jpg","contentUrl":"https:\/\/www.ungarn-in-sachsen.de\/wp-content\/uploads\/2019\/04\/logo.jpg","width":266,"height":170,"caption":"Ungarischer Kulturverein Chemnitz und Umgebung e.V."},"image":{"@id":"https:\/\/www.ungarn-in-sachsen.de\/hu\/#\/schema\/logo\/image\/"},"sameAs":["https:\/\/www.facebook.com\/Ungarischer-Kulturverein-Chemnitz-und-Umgebung-eV-229421257171599\/"]}]}},"_links":{"self":[{"href":"https:\/\/www.ungarn-in-sachsen.de\/hu\/wp-json\/wp\/v2\/pages\/2714","targetHints":{"allow":["GET"]}}],"collection":[{"href":"https:\/\/www.ungarn-in-sachsen.de\/hu\/wp-json\/wp\/v2\/pages"}],"about":[{"href":"https:\/\/www.ungarn-in-sachsen.de\/hu\/wp-json\/wp\/v2\/types\/page"}],"author":[{"embeddable":true,"href":"https:\/\/www.ungarn-in-sachsen.de\/hu\/wp-json\/wp\/v2\/users\/1"}],"replies":[{"embeddable":true,"href":"https:\/\/www.ungarn-in-sachsen.de\/hu\/wp-json\/wp\/v2\/comments?post=2714"}],"version-history":[{"count":0,"href":"https:\/\/www.ungarn-in-sachsen.de\/hu\/wp-json\/wp\/v2\/pages\/2714\/revisions"}],"up":[{"embeddable":true,"href":"https:\/\/www.ungarn-in-sachsen.de\/hu\/wp-json\/wp\/v2\/pages\/2750"}],"wp:attachment":[{"href":"https:\/\/www.ungarn-in-sachsen.de\/hu\/wp-json\/wp\/v2\/media?parent=2714"}],"curies":[{"name":"wp","href":"https:\/\/api.w.org\/{rel}","templated":true}]}}