{"id":2750,"date":"2019-06-21T17:21:23","date_gmt":"2019-06-21T15:21:23","guid":{"rendered":"http:\/\/www.ungarn-in-sachsen.de\/?page_id=2750"},"modified":"2023-03-25T17:41:11","modified_gmt":"2023-03-25T16:41:11","slug":"informationen-fuer-zuwanderer-aus-ungarn","status":"publish","type":"page","link":"https:\/\/www.ungarn-in-sachsen.de\/hu\/informationen-fuer-zuwanderer-aus-ungarn\/","title":{"rendered":"Inform\u00e1ci\u00f3k Magyarorsz\u00e1gr\u00f3l N\u00e9metorsz\u00e1gba bev\u00e1ndorolt szem\u00e9lyeknek"},"content":{"rendered":"<p>[et_pb_section fb_built=&#8221;1&#8243; admin_label=&#8221;Verein&#8221; _builder_version=&#8221;4.19.4&#8243; use_background_color_gradient=&#8221;on&#8221; background_color_gradient_stops=&#8221;rgba(155,155,155,0.5) 0%|rgba(0,0,0,0) 100%&#8221; background_color_gradient_overlays_image=&#8221;on&#8221; background_color_gradient_start=&#8221;rgba(0,0,0,0.5)&#8221; background_color_gradient_end=&#8221;rgba(0,0,0,0)&#8221; background_image=&#8221;https:\/\/www.ungarn-in-sachsen.de\/wp-content\/uploads\/2023\/01\/chemnitzer-weihnachtsmarkt.jpg&#8221; background_position=&#8221;top_center&#8221; background_vertical_offset=&#8221;54%&#8221; custom_margin=&#8221;|||&#8221; custom_padding=&#8221;200px||200px||true|false&#8221; bottom_divider_style=&#8221;wave2&#8243; bottom_divider_color=&#8221;#ffffff&#8221; bottom_divider_flip=&#8221;horizontal&#8221; animation_style=&#8221;slide&#8221; animation_direction=&#8221;top&#8221; animation_intensity_slide=&#8221;5%&#8221; animation_starting_opacity=&#8221;100%&#8221; global_colors_info=&#8221;{}&#8221;][et_pb_row _builder_version=&#8221;4.19.4&#8243; background_size=&#8221;initial&#8221; background_position=&#8221;top_left&#8221; background_repeat=&#8221;repeat&#8221; custom_padding=&#8221;27px|0px|0px|0px&#8221; global_colors_info=&#8221;{}&#8221;][et_pb_column type=&#8221;4_4&#8243; _builder_version=&#8221;4.16&#8243; custom_padding=&#8221;|||&#8221; global_colors_info=&#8221;{}&#8221; custom_padding__hover=&#8221;|||&#8221;][et_pb_text admin_label=&#8221;Title&#8221; _builder_version=&#8221;4.19.4&#8243; text_font=&#8221;||||||||&#8221; header_font=&#8221;|600|||||||&#8221; header_font_size=&#8221;75px&#8221; header_line_height=&#8221;1.2em&#8221; background_layout=&#8221;dark&#8221; animation_style=&#8221;zoom&#8221; animation_direction=&#8221;left&#8221; animation_intensity_zoom=&#8221;10%&#8221; header_font_size_tablet=&#8221;&#8221; header_font_size_phone=&#8221;72px&#8221; header_font_size_last_edited=&#8221;on|phone&#8221; global_colors_info=&#8221;{}&#8221;]<\/p>\n<h1 style=\"font-weight: 400; text-align: center;\">\u00dcdv\u00f6z\u00f6lj\u00fck Chemnitzben<\/h1>\n<p>[\/et_pb_text][\/et_pb_column][\/et_pb_row][\/et_pb_section][et_pb_section fb_built=&#8221;1&#8243; admin_label=&#8221;\u00dcber uns&#8221; _builder_version=&#8221;4.19.4&#8243; custom_padding=&#8221;|0px|90px|0px|false|false&#8221; global_colors_info=&#8221;{}&#8221;][et_pb_row _builder_version=&#8221;4.16&#8243; global_colors_info=&#8221;{}&#8221;][et_pb_column type=&#8221;4_4&#8243; _builder_version=&#8221;4.16&#8243; custom_padding=&#8221;|||&#8221; global_colors_info=&#8221;{}&#8221; custom_padding__hover=&#8221;|||&#8221;][et_pb_text admin_label=&#8221;Text&#8221; _builder_version=&#8221;4.19.4&#8243; text_font=&#8221;|500||on|||||&#8221; text_text_color=&#8221;rgba(0,0,0,0.75)&#8221; text_orientation=&#8221;center&#8221; global_colors_info=&#8221;{}&#8221;]<\/p>\n<p>Inform\u00e1ci\u00f3k bev\u00e1ndorl\u00f3k sz\u00e1m\u00e1ra<\/p>\n<p>[\/et_pb_text][et_pb_divider divider_weight=&#8221;3px&#8221; _builder_version=&#8221;4.19.4&#8243; max_width=&#8221;100px&#8221; module_alignment=&#8221;center&#8221; height=&#8221;7px&#8221; global_colors_info=&#8221;{}&#8221;][\/et_pb_divider][et_pb_text _builder_version=&#8221;4.19.4&#8243; text_font=&#8221;||||||||&#8221; header_font=&#8221;||||||||&#8221; header_2_font=&#8221;|500|||||||&#8221; header_2_font_size=&#8221;30px&#8221; header_2_line_height=&#8221;1.5em&#8221; text_orientation=&#8221;center&#8221; global_colors_info=&#8221;{}&#8221;]<\/p>\n<h2>\u00datmutat\u00f3 az els\u0151 n\u00e9h\u00e1ny h\u00e9thez<\/h2>\n<p>[\/et_pb_text][\/et_pb_column][\/et_pb_row][et_pb_row column_structure=&#8221;1_5,1_5,1_5,1_5,1_5&#8243; use_custom_gutter=&#8221;on&#8221; gutter_width=&#8221;2&#8243; make_equal=&#8221;on&#8221; _builder_version=&#8221;4.19.4&#8243; background_color=&#8221;RGBA(255,255,255,0)&#8221; custom_margin=&#8221;||||false|false&#8221; custom_padding=&#8221;||||false|false&#8221; hover_enabled=&#8221;0&#8243; global_colors_info=&#8221;{}&#8221; sticky_enabled=&#8221;0&#8243;][et_pb_column type=&#8221;1_5&#8243; _builder_version=&#8221;4.16&#8243; custom_padding=&#8221;|||&#8221; global_colors_info=&#8221;{}&#8221; custom_padding__hover=&#8221;|||&#8221;][et_pb_text _builder_version=&#8221;4.19.4&#8243; _dynamic_attributes=&#8221;link_option_url&#8221; _module_preset=&#8221;default&#8221; header_text_align=&#8221;center&#8221; header_text_color=&#8221;#FFFFFF&#8221; header_2_text_align=&#8221;center&#8221; header_2_text_color=&#8221;#FFFFFF&#8221; header_2_line_height=&#8221;1.3em&#8221; header_3_font=&#8221;||||||||&#8221; header_3_text_align=&#8221;center&#8221; header_3_text_color=&#8221;#FFFFFF&#8221; header_3_line_height=&#8221;1.2em&#8221; use_background_color_gradient=&#8221;on&#8221; background_color_gradient_type=&#8221;circular&#8221; background_color_gradient_stops=&#8221;#296b11 0%|#3ba019 100%&#8221; module_alignment=&#8221;center&#8221; min_height=&#8221;175px&#8221; custom_margin=&#8221;||||false|false&#8221; custom_padding=&#8221;55px|10px|55px|10px|true|true&#8221; animation_style=&#8221;slide&#8221; animation_duration=&#8221;1500ms&#8221; link_option_url=&#8221;@ET-DC@eyJkeW5hbWljIjp0cnVlLCJjb250ZW50IjoicG9zdF9saW5rX3VybF9wYWdlIiwic2V0dGluZ3MiOnsicG9zdF9pZCI6IjM1MyJ9fQ==@&#8221; border_radii=&#8221;on|5px|5px|5px|5px&#8221; global_colors_info=&#8221;{}&#8221;]<\/p>\n<h3>Tart\u00f3zkod\u00e1s N\u00e9metorsz\u00e1gban <\/h3>\n<p>[\/et_pb_text][et_pb_button button_url=&#8221;@ET-DC@eyJkeW5hbWljIjp0cnVlLCJjb250ZW50IjoicG9zdF9saW5rX3VybF9wYWdlIiwic2V0dGluZ3MiOnsicG9zdF9pZCI6IjM1MyJ9fQ==@&#8221; button_text=&#8221;Tov\u00e1bbi r\u00e9szletek&#8221; _builder_version=&#8221;4.19.4&#8243; _dynamic_attributes=&#8221;button_url&#8221; _module_preset=&#8221;default&#8221; custom_button=&#8221;on&#8221; button_text_size=&#8221;15px&#8221; button_text_color=&#8221;#FFFFFF&#8221; button_border_radius=&#8221;6px&#8221; button_icon=&#8221;&#x39;||divi||400&#8243; button_icon_color=&#8221;#FFFFFF&#8221; button_on_hover=&#8221;off&#8221; global_colors_info=&#8221;{}&#8221;][\/et_pb_button][\/et_pb_column][et_pb_column type=&#8221;1_5&#8243; _builder_version=&#8221;4.16&#8243; custom_padding=&#8221;|||&#8221; global_colors_info=&#8221;{}&#8221; custom_padding__hover=&#8221;|||&#8221;][et_pb_text _builder_version=&#8221;4.19.4&#8243; _dynamic_attributes=&#8221;link_option_url&#8221; _module_preset=&#8221;default&#8221; header_text_align=&#8221;center&#8221; header_text_color=&#8221;#FFFFFF&#8221; header_2_text_align=&#8221;center&#8221; header_2_text_color=&#8221;#FFFFFF&#8221; header_2_line_height=&#8221;1.3em&#8221; header_3_font=&#8221;||||||||&#8221; header_3_text_align=&#8221;center&#8221; header_3_text_color=&#8221;#FFFFFF&#8221; header_3_line_height=&#8221;1.2em&#8221; use_background_color_gradient=&#8221;on&#8221; background_color_gradient_type=&#8221;circular&#8221; background_color_gradient_stops=&#8221;#296b11 0%|#3ba019 100%&#8221; module_alignment=&#8221;center&#8221; min_height=&#8221;175px&#8221; custom_margin=&#8221;||||false|false&#8221; custom_padding=&#8221;55px|10px|55px|10px|true|true&#8221; animation_style=&#8221;slide&#8221; animation_duration=&#8221;1500ms&#8221; animation_delay=&#8221;300ms&#8221; link_option_url=&#8221;@ET-DC@eyJkeW5hbWljIjp0cnVlLCJjb250ZW50IjoicG9zdF9saW5rX3VybF9wYWdlIiwic2V0dGluZ3MiOnsicG9zdF9pZCI6IjM4NSJ9fQ==@&#8221; hover_enabled=&#8221;0&#8243; border_radii=&#8221;on|5px|5px|5px|5px&#8221; global_colors_info=&#8221;{}&#8221; sticky_enabled=&#8221;0&#8243;]<\/p>\n<h3>Nyelvi \u00e9s integr\u00e1ci\u00f3s tanfolyamok<\/h3>\n<p>[\/et_pb_text][et_pb_button button_url=&#8221;@ET-DC@eyJkeW5hbWljIjp0cnVlLCJjb250ZW50IjoicG9zdF9saW5rX3VybF9wYWdlIiwic2V0dGluZ3MiOnsicG9zdF9pZCI6IjM4NSJ9fQ==@&#8221; button_text=&#8221;Tov\u00e1bbi r\u00e9szletek&#8221; _builder_version=&#8221;4.19.4&#8243; _dynamic_attributes=&#8221;button_url&#8221; _module_preset=&#8221;default&#8221; custom_button=&#8221;on&#8221; button_text_size=&#8221;15px&#8221; button_text_color=&#8221;#FFFFFF&#8221; button_border_radius=&#8221;6px&#8221; button_icon=&#8221;&#x39;||divi||400&#8243; button_icon_color=&#8221;#FFFFFF&#8221; button_on_hover=&#8221;off&#8221; global_colors_info=&#8221;{}&#8221;][\/et_pb_button][\/et_pb_column][et_pb_column type=&#8221;1_5&#8243; _builder_version=&#8221;4.16&#8243; custom_padding=&#8221;|||&#8221; global_colors_info=&#8221;{}&#8221; custom_padding__hover=&#8221;|||&#8221;][et_pb_text _builder_version=&#8221;4.19.4&#8243; _dynamic_attributes=&#8221;link_option_url&#8221; _module_preset=&#8221;default&#8221; header_text_align=&#8221;center&#8221; header_text_color=&#8221;#FFFFFF&#8221; header_2_text_align=&#8221;center&#8221; header_2_text_color=&#8221;#FFFFFF&#8221; header_2_line_height=&#8221;1.3em&#8221; header_3_font=&#8221;||||||||&#8221; header_3_text_align=&#8221;center&#8221; header_3_text_color=&#8221;#FFFFFF&#8221; use_background_color_gradient=&#8221;on&#8221; background_color_gradient_type=&#8221;circular&#8221; background_color_gradient_stops=&#8221;#296b11 0%|#3ba019 100%&#8221; min_height=&#8221;175px&#8221; custom_margin=&#8221;||||false|false&#8221; custom_padding=&#8221;70px|10px|70px|10px|true|true&#8221; animation_style=&#8221;slide&#8221; animation_duration=&#8221;1500ms&#8221; animation_delay=&#8221;600ms&#8221; link_option_url=&#8221;@ET-DC@eyJkeW5hbWljIjp0cnVlLCJjb250ZW50IjoicG9zdF9saW5rX3VybF9wYWdlIiwic2V0dGluZ3MiOnsicG9zdF9pZCI6IjM3NyJ9fQ==@&#8221; border_radii=&#8221;on|5px|5px|5px|5px&#8221; global_colors_info=&#8221;{}&#8221;]<\/p>\n<h3>Munkav\u00e1llal\u00e1s<\/h3>\n<p>[\/et_pb_text][et_pb_button button_url=&#8221;@ET-DC@eyJkeW5hbWljIjp0cnVlLCJjb250ZW50IjoicG9zdF9saW5rX3VybF9wYWdlIiwic2V0dGluZ3MiOnsicG9zdF9pZCI6IjM3NyJ9fQ==@&#8221; button_text=&#8221;Tov\u00e1bbi r\u00e9szletek&#8221; _builder_version=&#8221;4.19.4&#8243; _dynamic_attributes=&#8221;button_url&#8221; _module_preset=&#8221;default&#8221; custom_button=&#8221;on&#8221; button_text_size=&#8221;15px&#8221; button_text_color=&#8221;#FFFFFF&#8221; button_border_radius=&#8221;6px&#8221; button_icon=&#8221;&#x39;||divi||400&#8243; button_icon_color=&#8221;#FFFFFF&#8221; button_on_hover=&#8221;off&#8221; global_colors_info=&#8221;{}&#8221;][\/et_pb_button][\/et_pb_column][et_pb_column type=&#8221;1_5&#8243; _builder_version=&#8221;4.16&#8243; custom_padding=&#8221;|||&#8221; global_colors_info=&#8221;{}&#8221; custom_padding__hover=&#8221;|||&#8221;][et_pb_text _builder_version=&#8221;4.19.4&#8243; _dynamic_attributes=&#8221;link_option_url&#8221; _module_preset=&#8221;default&#8221; header_text_align=&#8221;center&#8221; header_text_color=&#8221;#FFFFFF&#8221; header_2_text_align=&#8221;center&#8221; header_2_text_color=&#8221;#FFFFFF&#8221; header_2_line_height=&#8221;1.3em&#8221; header_3_font=&#8221;||||||||&#8221; header_3_text_align=&#8221;center&#8221; header_3_text_color=&#8221;#FFFFFF&#8221; header_3_line_height=&#8221;1.2em&#8221; use_background_color_gradient=&#8221;on&#8221; background_color_gradient_type=&#8221;circular&#8221; background_color_gradient_stops=&#8221;#296b11 0%|#3ba019 100%&#8221; min_height=&#8221;175px&#8221; custom_margin=&#8221;||||false|false&#8221; custom_padding=&#8221;55px|10px|55px|10px|true|true&#8221; animation_style=&#8221;slide&#8221; animation_duration=&#8221;1500ms&#8221; animation_delay=&#8221;900ms&#8221; link_option_url=&#8221;@ET-DC@eyJkeW5hbWljIjp0cnVlLCJjb250ZW50IjoicG9zdF9saW5rX3VybF9wYWdlIiwic2V0dGluZ3MiOnsicG9zdF9pZCI6IjM5OCJ9fQ==@&#8221; border_radii=&#8221;on|5px|5px|5px|5px&#8221; global_colors_info=&#8221;{}&#8221;]<\/p>\n<h3>Gyermekes csal\u00e1dok<\/h3>\n<p>[\/et_pb_text][et_pb_button button_url=&#8221;@ET-DC@eyJkeW5hbWljIjp0cnVlLCJjb250ZW50IjoicG9zdF9saW5rX3VybF9wYWdlIiwic2V0dGluZ3MiOnsicG9zdF9pZCI6IjM5OCJ9fQ==@&#8221; button_text=&#8221;Tov\u00e1bbi r\u00e9szletek&#8221; _builder_version=&#8221;4.19.4&#8243; _dynamic_attributes=&#8221;button_url&#8221; _module_preset=&#8221;default&#8221; custom_button=&#8221;on&#8221; button_text_size=&#8221;15px&#8221; button_text_color=&#8221;#FFFFFF&#8221; button_border_radius=&#8221;6px&#8221; button_icon=&#8221;&#x39;||divi||400&#8243; button_icon_color=&#8221;#FFFFFF&#8221; button_on_hover=&#8221;off&#8221; global_colors_info=&#8221;{}&#8221;][\/et_pb_button][\/et_pb_column][et_pb_column type=&#8221;1_5&#8243; _builder_version=&#8221;4.19.4&#8243; custom_padding=&#8221;|||&#8221; global_colors_info=&#8221;{}&#8221; custom_padding__hover=&#8221;|||&#8221;][et_pb_text _builder_version=&#8221;4.19.4&#8243; _dynamic_attributes=&#8221;link_option_url&#8221; _module_preset=&#8221;default&#8221; header_text_align=&#8221;center&#8221; header_text_color=&#8221;#FFFFFF&#8221; header_2_text_align=&#8221;center&#8221; header_2_text_color=&#8221;#FFFFFF&#8221; header_2_line_height=&#8221;1.3em&#8221; header_3_font=&#8221;||||||||&#8221; header_3_text_align=&#8221;center&#8221; header_3_text_color=&#8221;#FFFFFF&#8221; header_3_line_height=&#8221;1.2em&#8221; use_background_color_gradient=&#8221;on&#8221; background_color_gradient_type=&#8221;circular&#8221; background_color_gradient_stops=&#8221;#296b11 0%|#3ba019 100%&#8221; min_height=&#8221;175px&#8221; custom_margin=&#8221;||||false|false&#8221; custom_padding=&#8221;33px|10px|33px|10px|true|true&#8221; animation_style=&#8221;slide&#8221; animation_duration=&#8221;1500ms&#8221; animation_delay=&#8221;1200ms&#8221; link_option_url=&#8221;@ET-DC@eyJkeW5hbWljIjp0cnVlLCJjb250ZW50IjoicG9zdF9saW5rX3VybF9wYWdlIiwic2V0dGluZ3MiOnsicG9zdF9pZCI6Ijk4OCJ9fQ==@&#8221; border_radii=&#8221;on|5px|5px|5px|5px&#8221; global_colors_info=&#8221;{}&#8221;]<\/p>\n<h3>Kapcsolatot Chemnitz v\u00e1ros migr\u00e1ci\u00f3s biztos\u00e1val<\/h3>\n<p>[\/et_pb_text][et_pb_button button_url=&#8221;@ET-DC@eyJkeW5hbWljIjp0cnVlLCJjb250ZW50IjoicG9zdF9saW5rX3VybF9wYWdlIiwic2V0dGluZ3MiOnsicG9zdF9pZCI6Ijk4OCJ9fQ==@&#8221; button_text=&#8221;Tov\u00e1bbi r\u00e9szletek&#8221; _builder_version=&#8221;4.19.4&#8243; _dynamic_attributes=&#8221;button_url&#8221; _module_preset=&#8221;default&#8221; custom_button=&#8221;on&#8221; button_text_size=&#8221;15px&#8221; button_text_color=&#8221;#FFFFFF&#8221; button_border_radius=&#8221;6px&#8221; button_icon=&#8221;&#x39;||divi||400&#8243; button_icon_color=&#8221;#FFFFFF&#8221; button_on_hover=&#8221;off&#8221; global_colors_info=&#8221;{}&#8221;][\/et_pb_button][\/et_pb_column][\/et_pb_row][\/et_pb_section]<\/p>\n","protected":false},"excerpt":{"rendered":"<p>\u00dcdv\u00f6z\u00f6lj\u00fck ChemnitzbenInform\u00e1ci\u00f3k bev\u00e1ndorl\u00f3k sz\u00e1m\u00e1ra\u00datmutat\u00f3 az els\u0151 n\u00e9h\u00e1ny h\u00e9thezTart\u00f3zkod\u00e1s N\u00e9metorsz\u00e1gban Nyelvi \u00e9s integr\u00e1ci\u00f3s tanfolyamokMunkav\u00e1llal\u00e1sGyermekes csal\u00e1dokKapcsolatot Chemnitz v\u00e1ros migr\u00e1ci\u00f3s biztos\u00e1val<\/p>\n","protected":false},"author":1,"featured_media":0,"parent":0,"menu_order":5,"comment_status":"closed","ping_status":"closed","template":"","meta":{"_et_pb_use_builder":"on","_et_pb_old_content":"","_et_gb_content_width":"","footnotes":""},"class_list":["post-2750","page","type-page","status-publish","hentry"],"yoast_head":"<!-- This site is optimized with the Yoast SEO plugin v27.4 - https:\/\/yoast.com\/product\/yoast-seo-wordpress\/ -->\n<title>Inform\u00e1ci\u00f3k Magyarorsz\u00e1gr\u00f3l N\u00e9metorsz\u00e1gba bev\u00e1ndorolt szem\u00e9lyeknek - Ungarischer Kulturverein Chemnitz und Umgebung e. V.<\/title>\n<meta name=\"robots\" content=\"index, follow, max-snippet:-1, max-image-preview:large, max-video-preview:-1\" \/>\n<link rel=\"canonical\" href=\"https:\/\/www.ungarn-in-sachsen.de\/hu\/informationen-fuer-zuwanderer-aus-ungarn\/\" \/>\n<meta property=\"og:locale\" content=\"hu_HU\" \/>\n<meta property=\"og:type\" content=\"article\" \/>\n<meta property=\"og:title\" content=\"Inform\u00e1ci\u00f3k Magyarorsz\u00e1gr\u00f3l N\u00e9metorsz\u00e1gba bev\u00e1ndorolt szem\u00e9lyeknek - Ungarischer Kulturverein Chemnitz und Umgebung e. V.\" \/>\n<meta property=\"og:description\" content=\"\u00dcdv\u00f6z\u00f6lj\u00fck ChemnitzbenInform\u00e1ci\u00f3k bev\u00e1ndorl\u00f3k sz\u00e1m\u00e1ra\u00datmutat\u00f3 az els\u0151 n\u00e9h\u00e1ny h\u00e9thezTart\u00f3zkod\u00e1s N\u00e9metorsz\u00e1gban Nyelvi \u00e9s integr\u00e1ci\u00f3s tanfolyamokMunkav\u00e1llal\u00e1sGyermekes csal\u00e1dokKapcsolatot Chemnitz v\u00e1ros migr\u00e1ci\u00f3s biztos\u00e1val\" \/>\n<meta property=\"og:url\" content=\"https:\/\/www.ungarn-in-sachsen.de\/hu\/informationen-fuer-zuwanderer-aus-ungarn\/\" \/>\n<meta property=\"og:site_name\" content=\"Ungarischer Kulturverein Chemnitz und Umgebung e. V.\" \/>\n<meta property=\"article:publisher\" content=\"https:\/\/www.facebook.com\/Ungarischer-Kulturverein-Chemnitz-und-Umgebung-eV-229421257171599\/\" \/>\n<meta property=\"article:modified_time\" content=\"2023-03-25T16:41:11+00:00\" \/>\n<meta name=\"twitter:card\" content=\"summary_large_image\" \/>\n<meta name=\"twitter:label1\" content=\"Becs\u00fclt olvas\u00e1si id\u0151\" \/>\n\t<meta name=\"twitter:data1\" content=\"7 perc\" \/>\n<script type=\"application\/ld+json\" class=\"yoast-schema-graph\">{\"@context\":\"https:\\\/\\\/schema.org\",\"@graph\":[{\"@type\":\"WebPage\",\"@id\":\"https:\\\/\\\/www.ungarn-in-sachsen.de\\\/hu\\\/informationen-fuer-zuwanderer-aus-ungarn\\\/\",\"url\":\"https:\\\/\\\/www.ungarn-in-sachsen.de\\\/hu\\\/informationen-fuer-zuwanderer-aus-ungarn\\\/\",\"name\":\"Inform\u00e1ci\u00f3k Magyarorsz\u00e1gr\u00f3l N\u00e9metorsz\u00e1gba bev\u00e1ndorolt szem\u00e9lyeknek - Ungarischer Kulturverein Chemnitz und Umgebung e. V.\",\"isPartOf\":{\"@id\":\"https:\\\/\\\/www.ungarn-in-sachsen.de\\\/hu\\\/#website\"},\"datePublished\":\"2019-06-21T15:21:23+00:00\",\"dateModified\":\"2023-03-25T16:41:11+00:00\",\"breadcrumb\":{\"@id\":\"https:\\\/\\\/www.ungarn-in-sachsen.de\\\/hu\\\/informationen-fuer-zuwanderer-aus-ungarn\\\/#breadcrumb\"},\"inLanguage\":\"hu\",\"potentialAction\":[{\"@type\":\"ReadAction\",\"target\":[\"https:\\\/\\\/www.ungarn-in-sachsen.de\\\/hu\\\/informationen-fuer-zuwanderer-aus-ungarn\\\/\"]}]},{\"@type\":\"BreadcrumbList\",\"@id\":\"https:\\\/\\\/www.ungarn-in-sachsen.de\\\/hu\\\/informationen-fuer-zuwanderer-aus-ungarn\\\/#breadcrumb\",\"itemListElement\":[{\"@type\":\"ListItem\",\"position\":1,\"name\":\"Startseite\",\"item\":\"https:\\\/\\\/www.ungarn-in-sachsen.de\\\/hu\\\/\"},{\"@type\":\"ListItem\",\"position\":2,\"name\":\"Inform\u00e1ci\u00f3k Magyarorsz\u00e1gr\u00f3l N\u00e9metorsz\u00e1gba bev\u00e1ndorolt szem\u00e9lyeknek\"}]},{\"@type\":\"WebSite\",\"@id\":\"https:\\\/\\\/www.ungarn-in-sachsen.de\\\/hu\\\/#website\",\"url\":\"https:\\\/\\\/www.ungarn-in-sachsen.de\\\/hu\\\/\",\"name\":\"Ungarischer Kulturverein Chemnitz und Umgebung e. V.\",\"description\":\"Treffpunkt f\u00fcr Freunde der ungarischen Kultur\",\"publisher\":{\"@id\":\"https:\\\/\\\/www.ungarn-in-sachsen.de\\\/hu\\\/#organization\"},\"potentialAction\":[{\"@type\":\"SearchAction\",\"target\":{\"@type\":\"EntryPoint\",\"urlTemplate\":\"https:\\\/\\\/www.ungarn-in-sachsen.de\\\/hu\\\/?s={search_term_string}\"},\"query-input\":{\"@type\":\"PropertyValueSpecification\",\"valueRequired\":true,\"valueName\":\"search_term_string\"}}],\"inLanguage\":\"hu\"},{\"@type\":\"Organization\",\"@id\":\"https:\\\/\\\/www.ungarn-in-sachsen.de\\\/hu\\\/#organization\",\"name\":\"Ungarischer Kulturverein Chemnitz und Umgebung e.V.\",\"url\":\"https:\\\/\\\/www.ungarn-in-sachsen.de\\\/hu\\\/\",\"logo\":{\"@type\":\"ImageObject\",\"inLanguage\":\"hu\",\"@id\":\"https:\\\/\\\/www.ungarn-in-sachsen.de\\\/hu\\\/#\\\/schema\\\/logo\\\/image\\\/\",\"url\":\"https:\\\/\\\/www.ungarn-in-sachsen.de\\\/wp-content\\\/uploads\\\/2019\\\/04\\\/logo.jpg\",\"contentUrl\":\"https:\\\/\\\/www.ungarn-in-sachsen.de\\\/wp-content\\\/uploads\\\/2019\\\/04\\\/logo.jpg\",\"width\":266,\"height\":170,\"caption\":\"Ungarischer Kulturverein Chemnitz und Umgebung e.V.\"},\"image\":{\"@id\":\"https:\\\/\\\/www.ungarn-in-sachsen.de\\\/hu\\\/#\\\/schema\\\/logo\\\/image\\\/\"},\"sameAs\":[\"https:\\\/\\\/www.facebook.com\\\/Ungarischer-Kulturverein-Chemnitz-und-Umgebung-eV-229421257171599\\\/\"]}]}<\/script>\n<!-- \/ Yoast SEO plugin. -->","yoast_head_json":{"title":"Inform\u00e1ci\u00f3k Magyarorsz\u00e1gr\u00f3l N\u00e9metorsz\u00e1gba bev\u00e1ndorolt szem\u00e9lyeknek - Ungarischer Kulturverein Chemnitz und Umgebung e. V.","robots":{"index":"index","follow":"follow","max-snippet":"max-snippet:-1","max-image-preview":"max-image-preview:large","max-video-preview":"max-video-preview:-1"},"canonical":"https:\/\/www.ungarn-in-sachsen.de\/hu\/informationen-fuer-zuwanderer-aus-ungarn\/","og_locale":"hu_HU","og_type":"article","og_title":"Inform\u00e1ci\u00f3k Magyarorsz\u00e1gr\u00f3l N\u00e9metorsz\u00e1gba bev\u00e1ndorolt szem\u00e9lyeknek - Ungarischer Kulturverein Chemnitz und Umgebung e. V.","og_description":"\u00dcdv\u00f6z\u00f6lj\u00fck ChemnitzbenInform\u00e1ci\u00f3k bev\u00e1ndorl\u00f3k sz\u00e1m\u00e1ra\u00datmutat\u00f3 az els\u0151 n\u00e9h\u00e1ny h\u00e9thezTart\u00f3zkod\u00e1s N\u00e9metorsz\u00e1gban Nyelvi \u00e9s integr\u00e1ci\u00f3s tanfolyamokMunkav\u00e1llal\u00e1sGyermekes csal\u00e1dokKapcsolatot Chemnitz v\u00e1ros migr\u00e1ci\u00f3s biztos\u00e1val","og_url":"https:\/\/www.ungarn-in-sachsen.de\/hu\/informationen-fuer-zuwanderer-aus-ungarn\/","og_site_name":"Ungarischer Kulturverein Chemnitz und Umgebung e. V.","article_publisher":"https:\/\/www.facebook.com\/Ungarischer-Kulturverein-Chemnitz-und-Umgebung-eV-229421257171599\/","article_modified_time":"2023-03-25T16:41:11+00:00","twitter_card":"summary_large_image","twitter_misc":{"Becs\u00fclt olvas\u00e1si id\u0151":"7 perc"},"schema":{"@context":"https:\/\/schema.org","@graph":[{"@type":"WebPage","@id":"https:\/\/www.ungarn-in-sachsen.de\/hu\/informationen-fuer-zuwanderer-aus-ungarn\/","url":"https:\/\/www.ungarn-in-sachsen.de\/hu\/informationen-fuer-zuwanderer-aus-ungarn\/","name":"Inform\u00e1ci\u00f3k Magyarorsz\u00e1gr\u00f3l N\u00e9metorsz\u00e1gba bev\u00e1ndorolt szem\u00e9lyeknek - Ungarischer Kulturverein Chemnitz und Umgebung e. V.","isPartOf":{"@id":"https:\/\/www.ungarn-in-sachsen.de\/hu\/#website"},"datePublished":"2019-06-21T15:21:23+00:00","dateModified":"2023-03-25T16:41:11+00:00","breadcrumb":{"@id":"https:\/\/www.ungarn-in-sachsen.de\/hu\/informationen-fuer-zuwanderer-aus-ungarn\/#breadcrumb"},"inLanguage":"hu","potentialAction":[{"@type":"ReadAction","target":["https:\/\/www.ungarn-in-sachsen.de\/hu\/informationen-fuer-zuwanderer-aus-ungarn\/"]}]},{"@type":"BreadcrumbList","@id":"https:\/\/www.ungarn-in-sachsen.de\/hu\/informationen-fuer-zuwanderer-aus-ungarn\/#breadcrumb","itemListElement":[{"@type":"ListItem","position":1,"name":"Startseite","item":"https:\/\/www.ungarn-in-sachsen.de\/hu\/"},{"@type":"ListItem","position":2,"name":"Inform\u00e1ci\u00f3k Magyarorsz\u00e1gr\u00f3l N\u00e9metorsz\u00e1gba bev\u00e1ndorolt szem\u00e9lyeknek"}]},{"@type":"WebSite","@id":"https:\/\/www.ungarn-in-sachsen.de\/hu\/#website","url":"https:\/\/www.ungarn-in-sachsen.de\/hu\/","name":"Ungarischer Kulturverein Chemnitz und Umgebung e. V.","description":"Treffpunkt f\u00fcr Freunde der ungarischen Kultur","publisher":{"@id":"https:\/\/www.ungarn-in-sachsen.de\/hu\/#organization"},"potentialAction":[{"@type":"SearchAction","target":{"@type":"EntryPoint","urlTemplate":"https:\/\/www.ungarn-in-sachsen.de\/hu\/?s={search_term_string}"},"query-input":{"@type":"PropertyValueSpecification","valueRequired":true,"valueName":"search_term_string"}}],"inLanguage":"hu"},{"@type":"Organization","@id":"https:\/\/www.ungarn-in-sachsen.de\/hu\/#organization","name":"Ungarischer Kulturverein Chemnitz und Umgebung e.V.","url":"https:\/\/www.ungarn-in-sachsen.de\/hu\/","logo":{"@type":"ImageObject","inLanguage":"hu","@id":"https:\/\/www.ungarn-in-sachsen.de\/hu\/#\/schema\/logo\/image\/","url":"https:\/\/www.ungarn-in-sachsen.de\/wp-content\/uploads\/2019\/04\/logo.jpg","contentUrl":"https:\/\/www.ungarn-in-sachsen.de\/wp-content\/uploads\/2019\/04\/logo.jpg","width":266,"height":170,"caption":"Ungarischer Kulturverein Chemnitz und Umgebung e.V."},"image":{"@id":"https:\/\/www.ungarn-in-sachsen.de\/hu\/#\/schema\/logo\/image\/"},"sameAs":["https:\/\/www.facebook.com\/Ungarischer-Kulturverein-Chemnitz-und-Umgebung-eV-229421257171599\/"]}]}},"_links":{"self":[{"href":"https:\/\/www.ungarn-in-sachsen.de\/hu\/wp-json\/wp\/v2\/pages\/2750","targetHints":{"allow":["GET"]}}],"collection":[{"href":"https:\/\/www.ungarn-in-sachsen.de\/hu\/wp-json\/wp\/v2\/pages"}],"about":[{"href":"https:\/\/www.ungarn-in-sachsen.de\/hu\/wp-json\/wp\/v2\/types\/page"}],"author":[{"embeddable":true,"href":"https:\/\/www.ungarn-in-sachsen.de\/hu\/wp-json\/wp\/v2\/users\/1"}],"replies":[{"embeddable":true,"href":"https:\/\/www.ungarn-in-sachsen.de\/hu\/wp-json\/wp\/v2\/comments?post=2750"}],"version-history":[{"count":0,"href":"https:\/\/www.ungarn-in-sachsen.de\/hu\/wp-json\/wp\/v2\/pages\/2750\/revisions"}],"wp:attachment":[{"href":"https:\/\/www.ungarn-in-sachsen.de\/hu\/wp-json\/wp\/v2\/media?parent=2750"}],"curies":[{"name":"wp","href":"https:\/\/api.w.org\/{rel}","templated":true}]}}