{"id":3022,"date":"2019-07-23T17:55:13","date_gmt":"2019-07-23T15:55:13","guid":{"rendered":"http:\/\/www.ungarn-in-sachsen.de\/?page_id=3022"},"modified":"2024-03-12T19:01:38","modified_gmt":"2024-03-12T18:01:38","slug":"linkek","status":"publish","type":"page","link":"https:\/\/www.ungarn-in-sachsen.de\/hu\/linkek\/","title":{"rendered":"Linkek"},"content":{"rendered":"<p>[et_pb_section fb_built=&#8221;1&#8243; admin_label=&#8221;Verein&#8221; _builder_version=&#8221;4.19.4&#8243; use_background_color_gradient=&#8221;on&#8221; background_color_gradient_stops=&#8221;rgba(155,155,155,0.5) 0%|rgba(0,0,0,0) 100%&#8221; background_color_gradient_overlays_image=&#8221;on&#8221; background_color_gradient_start=&#8221;rgba(0,0,0,0.5)&#8221; background_color_gradient_end=&#8221;rgba(0,0,0,0)&#8221; background_image=&#8221;https:\/\/www.ungarn-in-sachsen.de\/wp-content\/uploads\/2023\/01\/ukvc-veranstaltung.jpg&#8221; custom_margin=&#8221;|||&#8221; custom_padding=&#8221;200px||200px||true|false&#8221; bottom_divider_style=&#8221;wave2&#8243; bottom_divider_color=&#8221;#ffffff&#8221; bottom_divider_flip=&#8221;horizontal&#8221; animation_style=&#8221;slide&#8221; animation_direction=&#8221;top&#8221; animation_intensity_slide=&#8221;5%&#8221; animation_starting_opacity=&#8221;100%&#8221; global_colors_info=&#8221;{}&#8221;][et_pb_row _builder_version=&#8221;4.19.4&#8243; background_size=&#8221;initial&#8221; background_position=&#8221;top_left&#8221; background_repeat=&#8221;repeat&#8221; custom_padding=&#8221;27px|0px|0px|0px&#8221; global_colors_info=&#8221;{}&#8221;][et_pb_column type=&#8221;4_4&#8243; _builder_version=&#8221;4.16&#8243; custom_padding=&#8221;|||&#8221; global_colors_info=&#8221;{}&#8221; custom_padding__hover=&#8221;|||&#8221;][et_pb_text admin_label=&#8221;Title&#8221; _builder_version=&#8221;4.19.4&#8243; text_font=&#8221;||||||||&#8221; header_font=&#8221;|600|||||||&#8221; header_font_size=&#8221;75px&#8221; header_line_height=&#8221;1.2em&#8221; background_layout=&#8221;dark&#8221; animation_style=&#8221;zoom&#8221; animation_direction=&#8221;left&#8221; animation_intensity_zoom=&#8221;10%&#8221; header_font_size_tablet=&#8221;&#8221; header_font_size_phone=&#8221;72px&#8221; header_font_size_last_edited=&#8221;on|phone&#8221; global_colors_info=&#8221;{}&#8221;]<\/p>\n<h1 style=\"font-weight: 400; text-align: center;\">Linkek<\/h1>\n<p>[\/et_pb_text][\/et_pb_column][\/et_pb_row][\/et_pb_section][et_pb_section fb_built=&#8221;1&#8243; admin_label=&#8221;About&#8221; _builder_version=&#8221;4.19.4&#8243; custom_padding=&#8221;|0px|1px|0px|false|false&#8221; global_colors_info=&#8221;{}&#8221;][et_pb_row admin_label=&#8221;Zeile&#8221; _builder_version=&#8221;4.16&#8243; global_colors_info=&#8221;{}&#8221;][et_pb_column type=&#8221;4_4&#8243; _builder_version=&#8221;4.16&#8243; custom_padding=&#8221;|||&#8221; global_colors_info=&#8221;{}&#8221; custom_padding__hover=&#8221;|||&#8221;][et_pb_text _builder_version=&#8221;4.19.4&#8243; text_font=&#8221;|500||on|||||&#8221; text_text_color=&#8221;rgba(0,0,0,0.75)&#8221; text_orientation=&#8221;center&#8221; global_colors_info=&#8221;{}&#8221;]<\/p>\n<p>Inform\u00e1ci\u00f3<\/p>\n<p>[\/et_pb_text][et_pb_divider divider_weight=&#8221;3px&#8221; _builder_version=&#8221;4.19.4&#8243; max_width=&#8221;100px&#8221; module_alignment=&#8221;center&#8221; height=&#8221;7px&#8221; global_colors_info=&#8221;{}&#8221;][\/et_pb_divider][et_pb_text _builder_version=&#8221;4.19.4&#8243; text_font=&#8221;||||||||&#8221; header_font=&#8221;||||||||&#8221; header_2_font=&#8221;Montserrat|500|||||||&#8221; header_2_font_size=&#8221;30px&#8221; text_orientation=&#8221;center&#8221; global_colors_info=&#8221;{}&#8221;]<\/p>\n<h2>Linkek<\/h2>\n<p>[\/et_pb_text][\/et_pb_column][\/et_pb_row][et_pb_row _builder_version=&#8221;4.19.4&#8243; custom_margin=&#8221;|||&#8221; global_colors_info=&#8221;{}&#8221;][et_pb_column type=&#8221;4_4&#8243; _builder_version=&#8221;4.16&#8243; custom_padding=&#8221;|||&#8221; global_colors_info=&#8221;{}&#8221; custom_padding__hover=&#8221;|||&#8221;][et_pb_text _builder_version=&#8221;4.19.4&#8243; _module_preset=&#8221;default&#8221; header_4_line_height=&#8221;1.5em&#8221; header_5_line_height=&#8221;1.5em&#8221; global_colors_info=&#8221;{}&#8221;]<\/p>\n<h5>Ezen az oldalon m\u00e1s \u00e9rdekes weboldalokra mutat\u00f3 linkeket gy\u0171jt\u00f6tt\u00fcnk \u00f6ssze az \u00d6n sz\u00e1m\u00e1ra. Ha szeretne bejegyz\u00e9st javasolni, k\u00e9rj\u00fck, k\u00fcldj\u00f6n egy e-mailt.<\/h5>\n<p>[\/et_pb_text][\/et_pb_column][\/et_pb_row][\/et_pb_section][et_pb_section fb_built=&#8221;1&#8243; admin_label=&#8221;About&#8221; _builder_version=&#8221;4.19.4&#8243; custom_padding=&#8221;1px|0px||0px|false|false&#8221; global_colors_info=&#8221;{}&#8221;][et_pb_row column_structure=&#8221;1_2,1_2&#8243; _builder_version=&#8221;4.19.4&#8243; custom_margin=&#8221;|||&#8221; global_colors_info=&#8221;{}&#8221;][et_pb_column type=&#8221;1_2&#8243; _builder_version=&#8221;4.16&#8243; custom_padding=&#8221;|||&#8221; global_colors_info=&#8221;{}&#8221; custom_padding__hover=&#8221;|||&#8221;][et_pb_text _builder_version=&#8221;4.19.4&#8243; _module_preset=&#8221;default&#8221; header_4_line_height=&#8221;1.5em&#8221; header_5_line_height=&#8221;1.5em&#8221; global_colors_info=&#8221;{}&#8221;]<\/p>\n<h3>Magyar egyes\u00fcletek N\u00e9metorsz\u00e1gban<\/h3>\n<p><a href=\"http:\/\/www.wukk.de\/de\" target=\"_blank\" rel=\"noopener noreferrer\">Ungarischer Kulturverein Karlsruhe e. V.<\/a><\/p>\n<p><a href=\"http:\/\/ulmke-online.de\/\" target=\"_blank\" rel=\"noopener noreferrer\">Ungarischer Kulturverein Ulm e. V. <\/a><\/p>\n<p><a href=\"http:\/\/www.petoefi-koer.de\/\" target=\"_blank\" rel=\"noopener noreferrer\">Ungarischer Kulturverein \u201cPet\u0151fi K\u00f6r\u201d e.V. Ingolstadt <\/a><\/p>\n<p><a href=\"http:\/\/ungarninnuernberg.de\/\" target=\"_blank\" rel=\"noopener noreferrer\">Ungarischer Kulturverein N\u00fcrnberg e. V. <\/a><\/p>\n<p><a href=\"http:\/\/www.ungarn-in-berlin.de\/\" target=\"_blank\" rel=\"noopener noreferrer\">Ungarische Vereinigung Berlin e. V. <\/a><\/p>\n<p><a href=\"http:\/\/www.hamburgi-magyarok.de\/d\/index.htm\" target=\"_blank\" rel=\"noopener noreferrer\">Vereinigung der Hamburger Ungarn e. V. <\/a><\/p>\n<p><a href=\"http:\/\/www.magyar-kolonia-berlin.de\/\" target=\"_blank\" rel=\"noopener noreferrer\">Magyar Kol\u00f3nia Berlin (Ungarische Kolonie Berlin) e.V. <\/a><\/p>\n<p><a href=\"http:\/\/www.d-u-g.org\/startseite.html\" target=\"_blank\" rel=\"noopener noreferrer\">Deutsch-Ungarische Gesellschaft e. V. (Berlin) <\/a><\/p>\n<p><a href=\"http:\/\/www.gernungarn.com\/\" target=\"_blank\" rel=\"noopener noreferrer\">Deutsch-Ungarische Gesellschaft D\u00fcsseldorf e. V. <\/a><\/p>\n<p><a href=\"http:\/\/www.dug-frankfurt.de\/\" target=\"_blank\" rel=\"noopener noreferrer\">Deutsch-Ungarische Gesellschaft Frankfurt\/M 1970 e.V. <\/a><\/p>\n<p><a href=\"http:\/\/www.dug-kiel.org\/\" target=\"_blank\" rel=\"noopener noreferrer\">Deutsch-Ungarische Gesellschaft Kiel e. V. <\/a><\/p>\n<p><a href=\"http:\/\/www.dug-stuttgart.de\" target=\"_blank\" rel=\"noopener noreferrer\">Deutsch-Ungarische Vereinigung in der BRD e. V.<\/a><\/p>\n<p>[\/et_pb_text][\/et_pb_column][et_pb_column type=&#8221;1_2&#8243; _builder_version=&#8221;4.19.4&#8243; _module_preset=&#8221;default&#8221; global_colors_info=&#8221;{}&#8221;][et_pb_text _builder_version=&#8221;4.24.2&#8243; _module_preset=&#8221;default&#8221; header_4_line_height=&#8221;1.5em&#8221; header_5_line_height=&#8221;1.5em&#8221; hover_enabled=&#8221;0&#8243; global_colors_info=&#8221;{}&#8221; sticky_enabled=&#8221;0&#8243;]<\/p>\n<h3>A Magyar K\u00f6zt\u00e1rsas\u00e1g n\u00e9metorsz\u00e1gi k\u00e9pviseletei<strong><br \/><\/strong><\/h3>\n<p><a href=\"http:\/\/www.stuttgart.balassiintezet.hu\/de\/\" target=\"_blank\" rel=\"noopener noreferrer\">Kulturinstitut der Republik Ungarn (Stuttgart) <\/a><\/p>\n<p><a href=\"http:\/\/http:\/\/www.mfa.gov.hu\/kulkepviselet\/de\/de\" target=\"_blank\" rel=\"noopener noreferrer\">Botschaft der Republik Ungarn (Berlin) <\/a><\/p>\n<p>&nbsp;<\/p>\n<h3>Magyar \u00e9ttermek Chemnitzben \u00e9s a k\u00f6rny\u00e9ken<\/h3>\n<p><a href=\"http:\/\/www.zum-janos.de\" target=\"_blank\" rel=\"noopener noreferrer\">Restaurant Puszta Cs\u00e1rda in Chemnitz<\/a><\/p>\n<p><a href=\"http:\/\/www.pari-csarda.de\">Restaurant P\u00e1ri Cs\u00e1rda in Burgst\u00e4dt<\/a><\/p>\n<p>&nbsp;<\/p>\n<h3>Egy\u00e9b<\/h3>\n<p><a href=\"http:\/\/www.ndk.hu\" target=\"_blank\" rel=\"noopener noreferrer\">NDK.hu<\/a><\/p>\n<p>Ungarischsprachige Internetseite f\u00fcr ehemalige ungarische Vertragsarbeiter in der DDR<\/p>\n<p><a href=\"http:\/\/www.ungarische-sprache.de\" target=\"_blank\" rel=\"noopener noreferrer\">Ungarische Sprache<\/a><\/p>\n<p>Private Internetseite mit vielen guten Tipps zur ungarischen Grammatik<\/p>\n<p>Dolmetscher (Deutsch-Ungarisch)<\/p>\n<p>Fach\u00fcbersetzung Ungarisch-Deutsch\/Deutsch-Ungarisch<\/p>\n<p>[\/et_pb_text][\/et_pb_column][\/et_pb_row][\/et_pb_section]<\/p>\n","protected":false},"excerpt":{"rendered":"<p>LinkekInform\u00e1ci\u00f3LinkekEzen az oldalon m\u00e1s \u00e9rdekes weboldalokra mutat\u00f3 linkeket gy\u0171jt\u00f6tt\u00fcnk \u00f6ssze az \u00d6n sz\u00e1m\u00e1ra. Ha szeretne bejegyz\u00e9st javasolni, k\u00e9rj\u00fck, k\u00fcldj\u00f6n egy e-mailt.Magyar egyes\u00fcletek N\u00e9metorsz\u00e1gban Ungarischer Kulturverein Karlsruhe e. V. Ungarischer Kulturverein [&hellip;]<\/p>\n","protected":false},"author":7,"featured_media":0,"parent":0,"menu_order":6,"comment_status":"closed","ping_status":"closed","template":"","meta":{"_et_pb_use_builder":"on","_et_pb_old_content":"","_et_gb_content_width":"","footnotes":""},"class_list":["post-3022","page","type-page","status-publish","hentry"],"yoast_head":"<!-- This site is optimized with the Yoast SEO plugin v27.4 - https:\/\/yoast.com\/product\/yoast-seo-wordpress\/ -->\n<title>Linkek - Ungarischer Kulturverein Chemnitz und Umgebung e. V.<\/title>\n<meta name=\"robots\" content=\"index, follow, max-snippet:-1, max-image-preview:large, max-video-preview:-1\" \/>\n<link rel=\"canonical\" href=\"https:\/\/www.ungarn-in-sachsen.de\/hu\/linkek\/\" \/>\n<meta property=\"og:locale\" content=\"hu_HU\" \/>\n<meta property=\"og:type\" content=\"article\" \/>\n<meta property=\"og:title\" content=\"Linkek - Ungarischer Kulturverein Chemnitz und Umgebung e. V.\" \/>\n<meta property=\"og:description\" content=\"LinkekInform\u00e1ci\u00f3LinkekEzen az oldalon m\u00e1s \u00e9rdekes weboldalokra mutat\u00f3 linkeket gy\u0171jt\u00f6tt\u00fcnk \u00f6ssze az \u00d6n sz\u00e1m\u00e1ra. Ha szeretne bejegyz\u00e9st javasolni, k\u00e9rj\u00fck, k\u00fcldj\u00f6n egy e-mailt.Magyar egyes\u00fcletek N\u00e9metorsz\u00e1gban Ungarischer Kulturverein Karlsruhe e. V. Ungarischer Kulturverein [&hellip;]\" \/>\n<meta property=\"og:url\" content=\"https:\/\/www.ungarn-in-sachsen.de\/hu\/linkek\/\" \/>\n<meta property=\"og:site_name\" content=\"Ungarischer Kulturverein Chemnitz und Umgebung e. V.\" \/>\n<meta property=\"article:publisher\" content=\"https:\/\/www.facebook.com\/Ungarischer-Kulturverein-Chemnitz-und-Umgebung-eV-229421257171599\/\" \/>\n<meta property=\"article:modified_time\" content=\"2024-03-12T18:01:38+00:00\" \/>\n<meta name=\"twitter:card\" content=\"summary_large_image\" \/>\n<meta name=\"twitter:label1\" content=\"Becs\u00fclt olvas\u00e1si id\u0151\" \/>\n\t<meta name=\"twitter:data1\" content=\"3 perc\" \/>\n<script type=\"application\/ld+json\" class=\"yoast-schema-graph\">{\"@context\":\"https:\\\/\\\/schema.org\",\"@graph\":[{\"@type\":\"WebPage\",\"@id\":\"https:\\\/\\\/www.ungarn-in-sachsen.de\\\/hu\\\/linkek\\\/\",\"url\":\"https:\\\/\\\/www.ungarn-in-sachsen.de\\\/hu\\\/linkek\\\/\",\"name\":\"Linkek - Ungarischer Kulturverein Chemnitz und Umgebung e. V.\",\"isPartOf\":{\"@id\":\"https:\\\/\\\/www.ungarn-in-sachsen.de\\\/hu\\\/#website\"},\"datePublished\":\"2019-07-23T15:55:13+00:00\",\"dateModified\":\"2024-03-12T18:01:38+00:00\",\"breadcrumb\":{\"@id\":\"https:\\\/\\\/www.ungarn-in-sachsen.de\\\/hu\\\/linkek\\\/#breadcrumb\"},\"inLanguage\":\"hu\",\"potentialAction\":[{\"@type\":\"ReadAction\",\"target\":[\"https:\\\/\\\/www.ungarn-in-sachsen.de\\\/hu\\\/linkek\\\/\"]}]},{\"@type\":\"BreadcrumbList\",\"@id\":\"https:\\\/\\\/www.ungarn-in-sachsen.de\\\/hu\\\/linkek\\\/#breadcrumb\",\"itemListElement\":[{\"@type\":\"ListItem\",\"position\":1,\"name\":\"Startseite\",\"item\":\"https:\\\/\\\/www.ungarn-in-sachsen.de\\\/hu\\\/\"},{\"@type\":\"ListItem\",\"position\":2,\"name\":\"Linkek\"}]},{\"@type\":\"WebSite\",\"@id\":\"https:\\\/\\\/www.ungarn-in-sachsen.de\\\/hu\\\/#website\",\"url\":\"https:\\\/\\\/www.ungarn-in-sachsen.de\\\/hu\\\/\",\"name\":\"Ungarischer Kulturverein Chemnitz und Umgebung e. V.\",\"description\":\"Treffpunkt f\u00fcr Freunde der ungarischen Kultur\",\"publisher\":{\"@id\":\"https:\\\/\\\/www.ungarn-in-sachsen.de\\\/hu\\\/#organization\"},\"potentialAction\":[{\"@type\":\"SearchAction\",\"target\":{\"@type\":\"EntryPoint\",\"urlTemplate\":\"https:\\\/\\\/www.ungarn-in-sachsen.de\\\/hu\\\/?s={search_term_string}\"},\"query-input\":{\"@type\":\"PropertyValueSpecification\",\"valueRequired\":true,\"valueName\":\"search_term_string\"}}],\"inLanguage\":\"hu\"},{\"@type\":\"Organization\",\"@id\":\"https:\\\/\\\/www.ungarn-in-sachsen.de\\\/hu\\\/#organization\",\"name\":\"Ungarischer Kulturverein Chemnitz und Umgebung e.V.\",\"url\":\"https:\\\/\\\/www.ungarn-in-sachsen.de\\\/hu\\\/\",\"logo\":{\"@type\":\"ImageObject\",\"inLanguage\":\"hu\",\"@id\":\"https:\\\/\\\/www.ungarn-in-sachsen.de\\\/hu\\\/#\\\/schema\\\/logo\\\/image\\\/\",\"url\":\"https:\\\/\\\/www.ungarn-in-sachsen.de\\\/wp-content\\\/uploads\\\/2019\\\/04\\\/logo.jpg\",\"contentUrl\":\"https:\\\/\\\/www.ungarn-in-sachsen.de\\\/wp-content\\\/uploads\\\/2019\\\/04\\\/logo.jpg\",\"width\":266,\"height\":170,\"caption\":\"Ungarischer Kulturverein Chemnitz und Umgebung e.V.\"},\"image\":{\"@id\":\"https:\\\/\\\/www.ungarn-in-sachsen.de\\\/hu\\\/#\\\/schema\\\/logo\\\/image\\\/\"},\"sameAs\":[\"https:\\\/\\\/www.facebook.com\\\/Ungarischer-Kulturverein-Chemnitz-und-Umgebung-eV-229421257171599\\\/\"]}]}<\/script>\n<!-- \/ Yoast SEO plugin. -->","yoast_head_json":{"title":"Linkek - Ungarischer Kulturverein Chemnitz und Umgebung e. V.","robots":{"index":"index","follow":"follow","max-snippet":"max-snippet:-1","max-image-preview":"max-image-preview:large","max-video-preview":"max-video-preview:-1"},"canonical":"https:\/\/www.ungarn-in-sachsen.de\/hu\/linkek\/","og_locale":"hu_HU","og_type":"article","og_title":"Linkek - Ungarischer Kulturverein Chemnitz und Umgebung e. V.","og_description":"LinkekInform\u00e1ci\u00f3LinkekEzen az oldalon m\u00e1s \u00e9rdekes weboldalokra mutat\u00f3 linkeket gy\u0171jt\u00f6tt\u00fcnk \u00f6ssze az \u00d6n sz\u00e1m\u00e1ra. Ha szeretne bejegyz\u00e9st javasolni, k\u00e9rj\u00fck, k\u00fcldj\u00f6n egy e-mailt.Magyar egyes\u00fcletek N\u00e9metorsz\u00e1gban Ungarischer Kulturverein Karlsruhe e. V. Ungarischer Kulturverein [&hellip;]","og_url":"https:\/\/www.ungarn-in-sachsen.de\/hu\/linkek\/","og_site_name":"Ungarischer Kulturverein Chemnitz und Umgebung e. V.","article_publisher":"https:\/\/www.facebook.com\/Ungarischer-Kulturverein-Chemnitz-und-Umgebung-eV-229421257171599\/","article_modified_time":"2024-03-12T18:01:38+00:00","twitter_card":"summary_large_image","twitter_misc":{"Becs\u00fclt olvas\u00e1si id\u0151":"3 perc"},"schema":{"@context":"https:\/\/schema.org","@graph":[{"@type":"WebPage","@id":"https:\/\/www.ungarn-in-sachsen.de\/hu\/linkek\/","url":"https:\/\/www.ungarn-in-sachsen.de\/hu\/linkek\/","name":"Linkek - Ungarischer Kulturverein Chemnitz und Umgebung e. V.","isPartOf":{"@id":"https:\/\/www.ungarn-in-sachsen.de\/hu\/#website"},"datePublished":"2019-07-23T15:55:13+00:00","dateModified":"2024-03-12T18:01:38+00:00","breadcrumb":{"@id":"https:\/\/www.ungarn-in-sachsen.de\/hu\/linkek\/#breadcrumb"},"inLanguage":"hu","potentialAction":[{"@type":"ReadAction","target":["https:\/\/www.ungarn-in-sachsen.de\/hu\/linkek\/"]}]},{"@type":"BreadcrumbList","@id":"https:\/\/www.ungarn-in-sachsen.de\/hu\/linkek\/#breadcrumb","itemListElement":[{"@type":"ListItem","position":1,"name":"Startseite","item":"https:\/\/www.ungarn-in-sachsen.de\/hu\/"},{"@type":"ListItem","position":2,"name":"Linkek"}]},{"@type":"WebSite","@id":"https:\/\/www.ungarn-in-sachsen.de\/hu\/#website","url":"https:\/\/www.ungarn-in-sachsen.de\/hu\/","name":"Ungarischer Kulturverein Chemnitz und Umgebung e. V.","description":"Treffpunkt f\u00fcr Freunde der ungarischen Kultur","publisher":{"@id":"https:\/\/www.ungarn-in-sachsen.de\/hu\/#organization"},"potentialAction":[{"@type":"SearchAction","target":{"@type":"EntryPoint","urlTemplate":"https:\/\/www.ungarn-in-sachsen.de\/hu\/?s={search_term_string}"},"query-input":{"@type":"PropertyValueSpecification","valueRequired":true,"valueName":"search_term_string"}}],"inLanguage":"hu"},{"@type":"Organization","@id":"https:\/\/www.ungarn-in-sachsen.de\/hu\/#organization","name":"Ungarischer Kulturverein Chemnitz und Umgebung e.V.","url":"https:\/\/www.ungarn-in-sachsen.de\/hu\/","logo":{"@type":"ImageObject","inLanguage":"hu","@id":"https:\/\/www.ungarn-in-sachsen.de\/hu\/#\/schema\/logo\/image\/","url":"https:\/\/www.ungarn-in-sachsen.de\/wp-content\/uploads\/2019\/04\/logo.jpg","contentUrl":"https:\/\/www.ungarn-in-sachsen.de\/wp-content\/uploads\/2019\/04\/logo.jpg","width":266,"height":170,"caption":"Ungarischer Kulturverein Chemnitz und Umgebung e.V."},"image":{"@id":"https:\/\/www.ungarn-in-sachsen.de\/hu\/#\/schema\/logo\/image\/"},"sameAs":["https:\/\/www.facebook.com\/Ungarischer-Kulturverein-Chemnitz-und-Umgebung-eV-229421257171599\/"]}]}},"_links":{"self":[{"href":"https:\/\/www.ungarn-in-sachsen.de\/hu\/wp-json\/wp\/v2\/pages\/3022","targetHints":{"allow":["GET"]}}],"collection":[{"href":"https:\/\/www.ungarn-in-sachsen.de\/hu\/wp-json\/wp\/v2\/pages"}],"about":[{"href":"https:\/\/www.ungarn-in-sachsen.de\/hu\/wp-json\/wp\/v2\/types\/page"}],"author":[{"embeddable":true,"href":"https:\/\/www.ungarn-in-sachsen.de\/hu\/wp-json\/wp\/v2\/users\/7"}],"replies":[{"embeddable":true,"href":"https:\/\/www.ungarn-in-sachsen.de\/hu\/wp-json\/wp\/v2\/comments?post=3022"}],"version-history":[{"count":0,"href":"https:\/\/www.ungarn-in-sachsen.de\/hu\/wp-json\/wp\/v2\/pages\/3022\/revisions"}],"wp:attachment":[{"href":"https:\/\/www.ungarn-in-sachsen.de\/hu\/wp-json\/wp\/v2\/media?parent=3022"}],"curies":[{"name":"wp","href":"https:\/\/api.w.org\/{rel}","templated":true}]}}