{"id":34173,"date":"2023-09-30T16:08:54","date_gmt":"2023-09-30T14:08:54","guid":{"rendered":"https:\/\/www.ungarn-in-sachsen.de\/rendezvenyek\/kepgaleria\/latogatas-az-ndk-hu-n-a-nemet-magyar-baratsag-fajanak-oentoezesevel-09-09-23-an\/"},"modified":"2023-10-20T12:44:10","modified_gmt":"2023-10-20T10:44:10","slug":"latogatas-az-ndk-hu-n-a-nemet-magyar-baratsag-fajanak-oentoezesevel-09-09-23-an","status":"publish","type":"page","link":"https:\/\/www.ungarn-in-sachsen.de\/hu\/rendezvenyek\/kepgaleria\/latogatas-az-ndk-hu-n-a-nemet-magyar-baratsag-fajanak-oentoezesevel-09-09-23-an\/","title":{"rendered":"L\u00e1togat\u00e1s az NDK.hu-n a N\u00e9met-Magyar Bar\u00e1ts\u00e1g F\u00e1j\u00e1nak \u00f6nt\u00f6z\u00e9s\u00e9vel 09.09.23-\u00e1n"},"content":{"rendered":"<p>[et_pb_section fb_built=&#8221;1&#8243; admin_label=&#8221;Willkommen&#8221; _builder_version=&#8221;4.21.0&#8243; use_background_color_gradient=&#8221;on&#8221; background_color_gradient_stops=&#8221;rgba(155,155,155,0.5) 0%|rgba(0,0,0,0) 100%&#8221; background_color_gradient_overlays_image=&#8221;on&#8221; background_color_gradient_start=&#8221;rgba(0,0,0,0.5)&#8221; background_color_gradient_end=&#8221;rgba(0,0,0,0)&#8221; background_image=&#8221;https:\/\/www.ungarn-in-sachsen.de\/wp-content\/uploads\/2023\/05\/UKVC-QuerBeet-Ungarischer-Abend.jpg&#8221; custom_margin=&#8221;|||&#8221; custom_padding=&#8221;200px||200px||true|false&#8221; bottom_divider_style=&#8221;wave2&#8243; bottom_divider_color=&#8221;#ffffff&#8221; bottom_divider_flip=&#8221;horizontal&#8221; animation_style=&#8221;slide&#8221; animation_direction=&#8221;top&#8221; animation_intensity_slide=&#8221;5%&#8221; animation_starting_opacity=&#8221;100%&#8221; global_colors_info=&#8221;{}&#8221;][et_pb_row _builder_version=&#8221;4.19.4&#8243; background_size=&#8221;initial&#8221; background_position=&#8221;top_left&#8221; background_repeat=&#8221;repeat&#8221; custom_padding=&#8221;27px|0px|0px|0px&#8221; global_colors_info=&#8221;{}&#8221;][et_pb_column type=&#8221;4_4&#8243; _builder_version=&#8221;4.16&#8243; custom_padding=&#8221;|||&#8221; global_colors_info=&#8221;{}&#8221; custom_padding__hover=&#8221;|||&#8221;][et_pb_text admin_label=&#8221;Title&#8221; _builder_version=&#8221;4.19.4&#8243; text_font=&#8221;||||||||&#8221; header_font=&#8221;|600|||||||&#8221; header_font_size=&#8221;75px&#8221; header_line_height=&#8221;1.2em&#8221; background_layout=&#8221;dark&#8221; animation_style=&#8221;zoom&#8221; animation_direction=&#8221;left&#8221; animation_intensity_zoom=&#8221;10%&#8221; header_font_size_tablet=&#8221;&#8221; header_font_size_phone=&#8221;72px&#8221; header_font_size_last_edited=&#8221;on|phone&#8221; global_colors_info=&#8221;{}&#8221;]<\/p>\n<h1 style=\"font-weight: 400; text-align: center;\">Gal\u00e9ria<\/h1>\n<p>[\/et_pb_text][\/et_pb_column][\/et_pb_row][\/et_pb_section][et_pb_section fb_built=&#8221;1&#8243; admin_label=&#8221;Hero&#8221; _builder_version=&#8221;4.19.4&#8243; custom_padding=&#8221;||10px||false|false&#8221; global_colors_info=&#8221;{}&#8221;][et_pb_row _builder_version=&#8221;4.19.4&#8243; background_size=&#8221;initial&#8221; background_position=&#8221;top_left&#8221; background_repeat=&#8221;repeat&#8221; custom_margin=&#8221;||||false|false&#8221; global_colors_info=&#8221;{}&#8221;][et_pb_column type=&#8221;4_4&#8243; _builder_version=&#8221;4.16&#8243; custom_padding=&#8221;|||&#8221; global_colors_info=&#8221;{}&#8221; custom_padding__hover=&#8221;|||&#8221;][et_pb_text admin_label=&#8221;Title&#8221; _builder_version=&#8221;4.19.4&#8243; text_font=&#8221;|||on|||||&#8221; text_text_color=&#8221;rgba(0,0,0,0.75)&#8221; header_font=&#8221;Montserrat|500|||||||&#8221; header_text_align=&#8221;center&#8221; header_font_size=&#8221;84px&#8221; animation_style=&#8221;zoom&#8221; animation_direction=&#8221;left&#8221; animation_intensity_zoom=&#8221;10%&#8221; header_font_size_tablet=&#8221;50px&#8221; header_font_size_phone=&#8221;&#8221; header_font_size_last_edited=&#8221;on|phone&#8221; global_colors_info=&#8221;{}&#8221;]<\/p>\n<p style=\"text-align: center;\">K\u00e9pgal\u00e9ria<\/p>\n<p>[\/et_pb_text][et_pb_divider divider_weight=&#8221;3px&#8221; _builder_version=&#8221;4.19.4&#8243; max_width=&#8221;100px&#8221; module_alignment=&#8221;center&#8221; animation_style=&#8221;zoom&#8221; animation_direction=&#8221;left&#8221; global_colors_info=&#8221;{}&#8221;][\/et_pb_divider][et_pb_text _builder_version=&#8221;4.22.2&#8243; text_font=&#8221;|300|||||||&#8221; text_font_size=&#8221;20px&#8221; text_line_height=&#8221;1.8em&#8221; header_2_font_size=&#8221;30px&#8221; header_2_line_height=&#8221;1.5em&#8221; text_orientation=&#8221;center&#8221; max_width=&#8221;700px&#8221; module_alignment=&#8221;center&#8221; animation_style=&#8221;zoom&#8221; animation_direction=&#8221;left&#8221; animation_delay=&#8221;100ms&#8221; animation_intensity_zoom=&#8221;10%&#8221; hover_enabled=&#8221;0&#8243; global_colors_info=&#8221;{}&#8221; sticky_enabled=&#8221;0&#8243;]<\/p>\n<h2>Az NDK.hu l\u00e1togat\u00e1sa a N\u00e9met-Magyar Bar\u00e1ts\u00e1g F\u00e1j\u00e1nak locsol\u00e1s\u00e1val 2023.09.09.09-\u00e9n<\/h2>\n<p>[\/et_pb_text][\/et_pb_column][\/et_pb_row][\/et_pb_section][et_pb_section fb_built=&#8221;1&#8243; admin_label=&#8221;Galerie&#8221; _builder_version=&#8221;4.19.4&#8243; custom_padding=&#8221;10px||90px||false|false&#8221; global_colors_info=&#8221;{}&#8221;][et_pb_row _builder_version=&#8221;4.19.4&#8243; _module_preset=&#8221;default&#8221; global_colors_info=&#8221;{}&#8221;][et_pb_column type=&#8221;4_4&#8243; _builder_version=&#8221;4.19.4&#8243; _module_preset=&#8221;default&#8221; global_colors_info=&#8221;{}&#8221;][et_pb_gallery gallery_ids=&#8221;34114,34126,34124,34122,34120,34118,34116&#8243; posts_number=&#8221;8&#8243; orientation=&#8221;portrait&#8221; show_title_and_caption=&#8221;off&#8221; show_pagination=&#8221;off&#8221; _builder_version=&#8221;4.22.2&#8243; _module_preset=&#8221;default&#8221; global_colors_info=&#8221;{}&#8221;][\/et_pb_gallery][\/et_pb_column][\/et_pb_row][\/et_pb_section]<\/p>\n","protected":false},"excerpt":{"rendered":"<p>Gal\u00e9riaK\u00e9pgal\u00e9riaAz NDK.hu l\u00e1togat\u00e1sa a N\u00e9met-Magyar Bar\u00e1ts\u00e1g F\u00e1j\u00e1nak locsol\u00e1s\u00e1val 2023.09.09.09-\u00e9n<\/p>\n","protected":false},"author":7,"featured_media":0,"parent":3557,"menu_order":1,"comment_status":"closed","ping_status":"closed","template":"","meta":{"_et_pb_use_builder":"on","_et_pb_old_content":"","_et_gb_content_width":"","footnotes":""},"class_list":["post-34173","page","type-page","status-publish","hentry"],"yoast_head":"<!-- This site is optimized with the Yoast SEO plugin v27.4 - https:\/\/yoast.com\/product\/yoast-seo-wordpress\/ -->\n<title>L\u00e1togat\u00e1s az NDK.hu-n a N\u00e9met-Magyar Bar\u00e1ts\u00e1g F\u00e1j\u00e1nak \u00f6nt\u00f6z\u00e9s\u00e9vel 09.09.23-\u00e1n - Ungarischer Kulturverein Chemnitz und Umgebung e. V.<\/title>\n<meta name=\"robots\" content=\"index, follow, max-snippet:-1, max-image-preview:large, max-video-preview:-1\" \/>\n<link rel=\"canonical\" href=\"https:\/\/www.ungarn-in-sachsen.de\/hu\/rendezvenyek\/kepgaleria\/latogatas-az-ndk-hu-n-a-nemet-magyar-baratsag-fajanak-oentoezesevel-09-09-23-an\/\" \/>\n<meta property=\"og:locale\" content=\"hu_HU\" \/>\n<meta property=\"og:type\" content=\"article\" \/>\n<meta property=\"og:title\" content=\"L\u00e1togat\u00e1s az NDK.hu-n a N\u00e9met-Magyar Bar\u00e1ts\u00e1g F\u00e1j\u00e1nak \u00f6nt\u00f6z\u00e9s\u00e9vel 09.09.23-\u00e1n - Ungarischer Kulturverein Chemnitz und Umgebung e. V.\" \/>\n<meta property=\"og:description\" content=\"Gal\u00e9riaK\u00e9pgal\u00e9riaAz NDK.hu l\u00e1togat\u00e1sa a N\u00e9met-Magyar Bar\u00e1ts\u00e1g F\u00e1j\u00e1nak locsol\u00e1s\u00e1val 2023.09.09.09-\u00e9n\" \/>\n<meta property=\"og:url\" content=\"https:\/\/www.ungarn-in-sachsen.de\/hu\/rendezvenyek\/kepgaleria\/latogatas-az-ndk-hu-n-a-nemet-magyar-baratsag-fajanak-oentoezesevel-09-09-23-an\/\" \/>\n<meta property=\"og:site_name\" content=\"Ungarischer Kulturverein Chemnitz und Umgebung e. V.\" \/>\n<meta property=\"article:publisher\" content=\"https:\/\/www.facebook.com\/Ungarischer-Kulturverein-Chemnitz-und-Umgebung-eV-229421257171599\/\" \/>\n<meta property=\"article:modified_time\" content=\"2023-10-20T10:44:10+00:00\" \/>\n<meta name=\"twitter:card\" content=\"summary_large_image\" \/>\n<meta name=\"twitter:label1\" content=\"Becs\u00fclt olvas\u00e1si id\u0151\" \/>\n\t<meta name=\"twitter:data1\" content=\"2 perc\" \/>\n<script type=\"application\/ld+json\" class=\"yoast-schema-graph\">{\"@context\":\"https:\\\/\\\/schema.org\",\"@graph\":[{\"@type\":\"WebPage\",\"@id\":\"https:\\\/\\\/www.ungarn-in-sachsen.de\\\/hu\\\/rendezvenyek\\\/kepgaleria\\\/latogatas-az-ndk-hu-n-a-nemet-magyar-baratsag-fajanak-oentoezesevel-09-09-23-an\\\/\",\"url\":\"https:\\\/\\\/www.ungarn-in-sachsen.de\\\/hu\\\/rendezvenyek\\\/kepgaleria\\\/latogatas-az-ndk-hu-n-a-nemet-magyar-baratsag-fajanak-oentoezesevel-09-09-23-an\\\/\",\"name\":\"L\u00e1togat\u00e1s az NDK.hu-n a N\u00e9met-Magyar Bar\u00e1ts\u00e1g F\u00e1j\u00e1nak \u00f6nt\u00f6z\u00e9s\u00e9vel 09.09.23-\u00e1n - Ungarischer Kulturverein Chemnitz und Umgebung e. V.\",\"isPartOf\":{\"@id\":\"https:\\\/\\\/www.ungarn-in-sachsen.de\\\/hu\\\/#website\"},\"datePublished\":\"2023-09-30T14:08:54+00:00\",\"dateModified\":\"2023-10-20T10:44:10+00:00\",\"breadcrumb\":{\"@id\":\"https:\\\/\\\/www.ungarn-in-sachsen.de\\\/hu\\\/rendezvenyek\\\/kepgaleria\\\/latogatas-az-ndk-hu-n-a-nemet-magyar-baratsag-fajanak-oentoezesevel-09-09-23-an\\\/#breadcrumb\"},\"inLanguage\":\"hu\",\"potentialAction\":[{\"@type\":\"ReadAction\",\"target\":[\"https:\\\/\\\/www.ungarn-in-sachsen.de\\\/hu\\\/rendezvenyek\\\/kepgaleria\\\/latogatas-az-ndk-hu-n-a-nemet-magyar-baratsag-fajanak-oentoezesevel-09-09-23-an\\\/\"]}]},{\"@type\":\"BreadcrumbList\",\"@id\":\"https:\\\/\\\/www.ungarn-in-sachsen.de\\\/hu\\\/rendezvenyek\\\/kepgaleria\\\/latogatas-az-ndk-hu-n-a-nemet-magyar-baratsag-fajanak-oentoezesevel-09-09-23-an\\\/#breadcrumb\",\"itemListElement\":[{\"@type\":\"ListItem\",\"position\":1,\"name\":\"Startseite\",\"item\":\"https:\\\/\\\/www.ungarn-in-sachsen.de\\\/hu\\\/\"},{\"@type\":\"ListItem\",\"position\":2,\"name\":\"Rendezv\u00e9nyek\",\"item\":\"https:\\\/\\\/www.ungarn-in-sachsen.de\\\/hu\\\/rendezvenyek\\\/\"},{\"@type\":\"ListItem\",\"position\":3,\"name\":\"K\u00e9pgal\u00e9ria\",\"item\":\"https:\\\/\\\/www.ungarn-in-sachsen.de\\\/hu\\\/rendezvenyek\\\/kepgaleria\\\/\"},{\"@type\":\"ListItem\",\"position\":4,\"name\":\"L\u00e1togat\u00e1s az NDK.hu-n a N\u00e9met-Magyar Bar\u00e1ts\u00e1g F\u00e1j\u00e1nak \u00f6nt\u00f6z\u00e9s\u00e9vel 09.09.23-\u00e1n\"}]},{\"@type\":\"WebSite\",\"@id\":\"https:\\\/\\\/www.ungarn-in-sachsen.de\\\/hu\\\/#website\",\"url\":\"https:\\\/\\\/www.ungarn-in-sachsen.de\\\/hu\\\/\",\"name\":\"Ungarischer Kulturverein Chemnitz und Umgebung e. V.\",\"description\":\"Treffpunkt f\u00fcr Freunde der ungarischen Kultur\",\"publisher\":{\"@id\":\"https:\\\/\\\/www.ungarn-in-sachsen.de\\\/hu\\\/#organization\"},\"potentialAction\":[{\"@type\":\"SearchAction\",\"target\":{\"@type\":\"EntryPoint\",\"urlTemplate\":\"https:\\\/\\\/www.ungarn-in-sachsen.de\\\/hu\\\/?s={search_term_string}\"},\"query-input\":{\"@type\":\"PropertyValueSpecification\",\"valueRequired\":true,\"valueName\":\"search_term_string\"}}],\"inLanguage\":\"hu\"},{\"@type\":\"Organization\",\"@id\":\"https:\\\/\\\/www.ungarn-in-sachsen.de\\\/hu\\\/#organization\",\"name\":\"Ungarischer Kulturverein Chemnitz und Umgebung e.V.\",\"url\":\"https:\\\/\\\/www.ungarn-in-sachsen.de\\\/hu\\\/\",\"logo\":{\"@type\":\"ImageObject\",\"inLanguage\":\"hu\",\"@id\":\"https:\\\/\\\/www.ungarn-in-sachsen.de\\\/hu\\\/#\\\/schema\\\/logo\\\/image\\\/\",\"url\":\"https:\\\/\\\/www.ungarn-in-sachsen.de\\\/wp-content\\\/uploads\\\/2019\\\/04\\\/logo.jpg\",\"contentUrl\":\"https:\\\/\\\/www.ungarn-in-sachsen.de\\\/wp-content\\\/uploads\\\/2019\\\/04\\\/logo.jpg\",\"width\":266,\"height\":170,\"caption\":\"Ungarischer Kulturverein Chemnitz und Umgebung e.V.\"},\"image\":{\"@id\":\"https:\\\/\\\/www.ungarn-in-sachsen.de\\\/hu\\\/#\\\/schema\\\/logo\\\/image\\\/\"},\"sameAs\":[\"https:\\\/\\\/www.facebook.com\\\/Ungarischer-Kulturverein-Chemnitz-und-Umgebung-eV-229421257171599\\\/\"]}]}<\/script>\n<!-- \/ Yoast SEO plugin. -->","yoast_head_json":{"title":"L\u00e1togat\u00e1s az NDK.hu-n a N\u00e9met-Magyar Bar\u00e1ts\u00e1g F\u00e1j\u00e1nak \u00f6nt\u00f6z\u00e9s\u00e9vel 09.09.23-\u00e1n - Ungarischer Kulturverein Chemnitz und Umgebung e. V.","robots":{"index":"index","follow":"follow","max-snippet":"max-snippet:-1","max-image-preview":"max-image-preview:large","max-video-preview":"max-video-preview:-1"},"canonical":"https:\/\/www.ungarn-in-sachsen.de\/hu\/rendezvenyek\/kepgaleria\/latogatas-az-ndk-hu-n-a-nemet-magyar-baratsag-fajanak-oentoezesevel-09-09-23-an\/","og_locale":"hu_HU","og_type":"article","og_title":"L\u00e1togat\u00e1s az NDK.hu-n a N\u00e9met-Magyar Bar\u00e1ts\u00e1g F\u00e1j\u00e1nak \u00f6nt\u00f6z\u00e9s\u00e9vel 09.09.23-\u00e1n - Ungarischer Kulturverein Chemnitz und Umgebung e. V.","og_description":"Gal\u00e9riaK\u00e9pgal\u00e9riaAz NDK.hu l\u00e1togat\u00e1sa a N\u00e9met-Magyar Bar\u00e1ts\u00e1g F\u00e1j\u00e1nak locsol\u00e1s\u00e1val 2023.09.09.09-\u00e9n","og_url":"https:\/\/www.ungarn-in-sachsen.de\/hu\/rendezvenyek\/kepgaleria\/latogatas-az-ndk-hu-n-a-nemet-magyar-baratsag-fajanak-oentoezesevel-09-09-23-an\/","og_site_name":"Ungarischer Kulturverein Chemnitz und Umgebung e. V.","article_publisher":"https:\/\/www.facebook.com\/Ungarischer-Kulturverein-Chemnitz-und-Umgebung-eV-229421257171599\/","article_modified_time":"2023-10-20T10:44:10+00:00","twitter_card":"summary_large_image","twitter_misc":{"Becs\u00fclt olvas\u00e1si id\u0151":"2 perc"},"schema":{"@context":"https:\/\/schema.org","@graph":[{"@type":"WebPage","@id":"https:\/\/www.ungarn-in-sachsen.de\/hu\/rendezvenyek\/kepgaleria\/latogatas-az-ndk-hu-n-a-nemet-magyar-baratsag-fajanak-oentoezesevel-09-09-23-an\/","url":"https:\/\/www.ungarn-in-sachsen.de\/hu\/rendezvenyek\/kepgaleria\/latogatas-az-ndk-hu-n-a-nemet-magyar-baratsag-fajanak-oentoezesevel-09-09-23-an\/","name":"L\u00e1togat\u00e1s az NDK.hu-n a N\u00e9met-Magyar Bar\u00e1ts\u00e1g F\u00e1j\u00e1nak \u00f6nt\u00f6z\u00e9s\u00e9vel 09.09.23-\u00e1n - Ungarischer Kulturverein Chemnitz und Umgebung e. V.","isPartOf":{"@id":"https:\/\/www.ungarn-in-sachsen.de\/hu\/#website"},"datePublished":"2023-09-30T14:08:54+00:00","dateModified":"2023-10-20T10:44:10+00:00","breadcrumb":{"@id":"https:\/\/www.ungarn-in-sachsen.de\/hu\/rendezvenyek\/kepgaleria\/latogatas-az-ndk-hu-n-a-nemet-magyar-baratsag-fajanak-oentoezesevel-09-09-23-an\/#breadcrumb"},"inLanguage":"hu","potentialAction":[{"@type":"ReadAction","target":["https:\/\/www.ungarn-in-sachsen.de\/hu\/rendezvenyek\/kepgaleria\/latogatas-az-ndk-hu-n-a-nemet-magyar-baratsag-fajanak-oentoezesevel-09-09-23-an\/"]}]},{"@type":"BreadcrumbList","@id":"https:\/\/www.ungarn-in-sachsen.de\/hu\/rendezvenyek\/kepgaleria\/latogatas-az-ndk-hu-n-a-nemet-magyar-baratsag-fajanak-oentoezesevel-09-09-23-an\/#breadcrumb","itemListElement":[{"@type":"ListItem","position":1,"name":"Startseite","item":"https:\/\/www.ungarn-in-sachsen.de\/hu\/"},{"@type":"ListItem","position":2,"name":"Rendezv\u00e9nyek","item":"https:\/\/www.ungarn-in-sachsen.de\/hu\/rendezvenyek\/"},{"@type":"ListItem","position":3,"name":"K\u00e9pgal\u00e9ria","item":"https:\/\/www.ungarn-in-sachsen.de\/hu\/rendezvenyek\/kepgaleria\/"},{"@type":"ListItem","position":4,"name":"L\u00e1togat\u00e1s az NDK.hu-n a N\u00e9met-Magyar Bar\u00e1ts\u00e1g F\u00e1j\u00e1nak \u00f6nt\u00f6z\u00e9s\u00e9vel 09.09.23-\u00e1n"}]},{"@type":"WebSite","@id":"https:\/\/www.ungarn-in-sachsen.de\/hu\/#website","url":"https:\/\/www.ungarn-in-sachsen.de\/hu\/","name":"Ungarischer Kulturverein Chemnitz und Umgebung e. V.","description":"Treffpunkt f\u00fcr Freunde der ungarischen Kultur","publisher":{"@id":"https:\/\/www.ungarn-in-sachsen.de\/hu\/#organization"},"potentialAction":[{"@type":"SearchAction","target":{"@type":"EntryPoint","urlTemplate":"https:\/\/www.ungarn-in-sachsen.de\/hu\/?s={search_term_string}"},"query-input":{"@type":"PropertyValueSpecification","valueRequired":true,"valueName":"search_term_string"}}],"inLanguage":"hu"},{"@type":"Organization","@id":"https:\/\/www.ungarn-in-sachsen.de\/hu\/#organization","name":"Ungarischer Kulturverein Chemnitz und Umgebung e.V.","url":"https:\/\/www.ungarn-in-sachsen.de\/hu\/","logo":{"@type":"ImageObject","inLanguage":"hu","@id":"https:\/\/www.ungarn-in-sachsen.de\/hu\/#\/schema\/logo\/image\/","url":"https:\/\/www.ungarn-in-sachsen.de\/wp-content\/uploads\/2019\/04\/logo.jpg","contentUrl":"https:\/\/www.ungarn-in-sachsen.de\/wp-content\/uploads\/2019\/04\/logo.jpg","width":266,"height":170,"caption":"Ungarischer Kulturverein Chemnitz und Umgebung e.V."},"image":{"@id":"https:\/\/www.ungarn-in-sachsen.de\/hu\/#\/schema\/logo\/image\/"},"sameAs":["https:\/\/www.facebook.com\/Ungarischer-Kulturverein-Chemnitz-und-Umgebung-eV-229421257171599\/"]}]}},"_links":{"self":[{"href":"https:\/\/www.ungarn-in-sachsen.de\/hu\/wp-json\/wp\/v2\/pages\/34173","targetHints":{"allow":["GET"]}}],"collection":[{"href":"https:\/\/www.ungarn-in-sachsen.de\/hu\/wp-json\/wp\/v2\/pages"}],"about":[{"href":"https:\/\/www.ungarn-in-sachsen.de\/hu\/wp-json\/wp\/v2\/types\/page"}],"author":[{"embeddable":true,"href":"https:\/\/www.ungarn-in-sachsen.de\/hu\/wp-json\/wp\/v2\/users\/7"}],"replies":[{"embeddable":true,"href":"https:\/\/www.ungarn-in-sachsen.de\/hu\/wp-json\/wp\/v2\/comments?post=34173"}],"version-history":[{"count":0,"href":"https:\/\/www.ungarn-in-sachsen.de\/hu\/wp-json\/wp\/v2\/pages\/34173\/revisions"}],"up":[{"embeddable":true,"href":"https:\/\/www.ungarn-in-sachsen.de\/hu\/wp-json\/wp\/v2\/pages\/3557"}],"wp:attachment":[{"href":"https:\/\/www.ungarn-in-sachsen.de\/hu\/wp-json\/wp\/v2\/media?parent=34173"}],"curies":[{"name":"wp","href":"https:\/\/api.w.org\/{rel}","templated":true}]}}