{"id":34552,"date":"2024-03-20T21:59:15","date_gmt":"2024-03-20T20:59:15","guid":{"rendered":"https:\/\/www.ungarn-in-sachsen.de\/rendezvenyek\/kepgaleria\/uennepseg-2024-marcius-15-en\/"},"modified":"2024-03-20T22:36:35","modified_gmt":"2024-03-20T21:36:35","slug":"uennepseg-2024-marcius-15-en","status":"publish","type":"page","link":"https:\/\/www.ungarn-in-sachsen.de\/hu\/rendezvenyek\/kepgaleria\/uennepseg-2024-marcius-15-en\/","title":{"rendered":"\u00dcnneps\u00e9g 2024. m\u00e1rcius 15-\u00e9n"},"content":{"rendered":"<p>[et_pb_section fb_built=&#8221;1&#8243; admin_label=&#8221;Willkommen&#8221; _builder_version=&#8221;4.24.2&#8243; use_background_color_gradient=&#8221;on&#8221; background_color_gradient_stops=&#8221;rgba(155,155,155,0.5) 0%|rgba(0,0,0,0) 100%&#8221; background_color_gradient_overlays_image=&#8221;on&#8221; background_color_gradient_start=&#8221;rgba(0,0,0,0.5)&#8221; background_color_gradient_end=&#8221;rgba(0,0,0,0)&#8221; background_image=&#8221;https:\/\/www.ungarn-in-sachsen.de\/wp-content\/uploads\/2023\/05\/UKVC-QuerBeet-Ungarischer-Abend.jpg&#8221; custom_margin=&#8221;|||&#8221; custom_padding=&#8221;200px||200px||true|false&#8221; bottom_divider_style=&#8221;wave2&#8243; bottom_divider_color=&#8221;#ffffff&#8221; bottom_divider_flip=&#8221;horizontal&#8221; animation_style=&#8221;slide&#8221; animation_direction=&#8221;top&#8221; animation_intensity_slide=&#8221;5%&#8221; animation_starting_opacity=&#8221;100%&#8221; global_colors_info=&#8221;{}&#8221;][et_pb_row _builder_version=&#8221;4.19.4&#8243; background_size=&#8221;initial&#8221; background_position=&#8221;top_left&#8221; background_repeat=&#8221;repeat&#8221; custom_padding=&#8221;27px|0px|0px|0px&#8221; global_colors_info=&#8221;{}&#8221;][et_pb_column type=&#8221;4_4&#8243; _builder_version=&#8221;4.16&#8243; custom_padding=&#8221;|||&#8221; global_colors_info=&#8221;{}&#8221; custom_padding__hover=&#8221;|||&#8221;][et_pb_text admin_label=&#8221;Title&#8221; _builder_version=&#8221;4.19.4&#8243; text_font=&#8221;||||||||&#8221; header_font=&#8221;|600|||||||&#8221; header_font_size=&#8221;75px&#8221; header_line_height=&#8221;1.2em&#8221; background_layout=&#8221;dark&#8221; animation_style=&#8221;zoom&#8221; animation_direction=&#8221;left&#8221; animation_intensity_zoom=&#8221;10%&#8221; header_font_size_tablet=&#8221;&#8221; header_font_size_phone=&#8221;72px&#8221; header_font_size_last_edited=&#8221;on|phone&#8221; global_colors_info=&#8221;{}&#8221;]<\/p>\n<h1 style=\"font-weight: 400; text-align: center;\">Gal\u00e9ria<\/h1>\n<p>[\/et_pb_text][\/et_pb_column][\/et_pb_row][\/et_pb_section][et_pb_section fb_built=&#8221;1&#8243; admin_label=&#8221;Hero&#8221; _builder_version=&#8221;4.19.4&#8243; custom_padding=&#8221;||10px||false|false&#8221; global_colors_info=&#8221;{}&#8221;][et_pb_row _builder_version=&#8221;4.19.4&#8243; background_size=&#8221;initial&#8221; background_position=&#8221;top_left&#8221; background_repeat=&#8221;repeat&#8221; custom_margin=&#8221;||||false|false&#8221; global_colors_info=&#8221;{}&#8221;][et_pb_column type=&#8221;4_4&#8243; _builder_version=&#8221;4.16&#8243; custom_padding=&#8221;|||&#8221; global_colors_info=&#8221;{}&#8221; custom_padding__hover=&#8221;|||&#8221;][et_pb_text admin_label=&#8221;Title&#8221; _builder_version=&#8221;4.19.4&#8243; text_font=&#8221;|||on|||||&#8221; text_text_color=&#8221;rgba(0,0,0,0.75)&#8221; header_font=&#8221;Montserrat|500|||||||&#8221; header_text_align=&#8221;center&#8221; header_font_size=&#8221;84px&#8221; animation_style=&#8221;zoom&#8221; animation_direction=&#8221;left&#8221; animation_intensity_zoom=&#8221;10%&#8221; header_font_size_tablet=&#8221;50px&#8221; header_font_size_phone=&#8221;&#8221; header_font_size_last_edited=&#8221;on|phone&#8221; global_colors_info=&#8221;{}&#8221;]<\/p>\n<p style=\"text-align: center;\">K\u00e9pgal\u00e9ria<\/p>\n<p>[\/et_pb_text][et_pb_divider divider_weight=&#8221;3px&#8221; _builder_version=&#8221;4.19.4&#8243; max_width=&#8221;100px&#8221; module_alignment=&#8221;center&#8221; animation_style=&#8221;zoom&#8221; animation_direction=&#8221;left&#8221; global_colors_info=&#8221;{}&#8221;][\/et_pb_divider][et_pb_text _builder_version=&#8221;4.24.2&#8243; text_font=&#8221;|300|||||||&#8221; text_font_size=&#8221;20px&#8221; text_line_height=&#8221;1.8em&#8221; header_2_font_size=&#8221;30px&#8221; header_2_line_height=&#8221;1.5em&#8221; text_orientation=&#8221;center&#8221; max_width=&#8221;700px&#8221; module_alignment=&#8221;center&#8221; animation_style=&#8221;zoom&#8221; animation_direction=&#8221;left&#8221; animation_delay=&#8221;100ms&#8221; animation_intensity_zoom=&#8221;10%&#8221; global_colors_info=&#8221;{}&#8221;]<\/p>\n<h2>\u00dcnneps\u00e9g 2024. m\u00e1rcius 15-\u00e9n<\/h2>\n<p>[\/et_pb_text][et_pb_text _builder_version=&#8221;4.24.2&#8243; _module_preset=&#8221;default&#8221; hover_enabled=&#8221;0&#8243; sticky_enabled=&#8221;0&#8243;]<\/p>\n<p>2024. m\u00e1rcius 15-\u00e9n \u00fcnneps\u00e9g\u00fcnkre a Klinke e.V. projektj\u00e9ben, a 09126 Chemnitzben, a Rosenplatz 4. sz\u00e1m alatt tal\u00e1lhat\u00f3 QUER BEET szociokultur\u00e1lis k\u00f6zpontban ker\u00fclt sor.<\/p>\n<p>Az 1848\/49-es forradalom h\u0151seire egy 1985-\u00f6s autentikus filmmel eml\u00e9kezt\u00fcnk. A &#8222;Szirmok vir\u00e1gok koszor\u00fak&#8221; c\u00edm\u0171 filmet n\u00e9zt\u00fck meg.<\/p>\n<p>A film a kapitul\u00e1ci\u00f3 ut\u00e1ni esem\u00e9nyekr\u0151l \u00e9s a t\u00f6rt\u00e9ntek \u00f6nk\u00e9ny\u00e9r\u0151l sz\u00f3l. A f\u0151szerepl\u0151 Cserhalmi Gy\u00f6rgy ism\u00e9t bizony\u00edtotta sz\u00edn\u00e9szi k\u00e9pess\u00e9geit.<br \/>A t\u00f6bb mint 20 n\u00e9z\u0151 leny\u0171g\u00f6zve k\u00f6vette a magyar nyelv\u0171 el\u0151ad\u00e1st.<\/p>\n<p>Kellemes este volt, finom vacsor\u00e1val, szoljanka \u00e9s h\u00e1zi feh\u00e9r keny\u00e9rrel.<\/p>\n<p>[\/et_pb_text][\/et_pb_column][\/et_pb_row][\/et_pb_section][et_pb_section fb_built=&#8221;1&#8243; admin_label=&#8221;Galerie&#8221; _builder_version=&#8221;4.19.4&#8243; custom_padding=&#8221;10px||90px||false|false&#8221; global_colors_info=&#8221;{}&#8221;][et_pb_row _builder_version=&#8221;4.19.4&#8243; _module_preset=&#8221;default&#8221; global_colors_info=&#8221;{}&#8221;][et_pb_column type=&#8221;4_4&#8243; _builder_version=&#8221;4.19.4&#8243; _module_preset=&#8221;default&#8221; global_colors_info=&#8221;{}&#8221;]<\/p>\n<p>[et_pb_gallery gallery_ids=&#8221;34522,34520,34516,34518,34524,34526,34528,34530,34532,34534,34536,34538&#8243; posts_number=&#8221;16&#8243; orientation=&#8221;portrait&#8221; show_title_and_caption=&#8221;off&#8221; show_pagination=&#8221;off&#8221; _builder_version=&#8221;4.24.2&#8243; _module_preset=&#8221;default&#8221; global_colors_info=&#8221;{}&#8221;][\/et_pb_gallery]<\/p>\n<p>[\/et_pb_column][\/et_pb_row][\/et_pb_section]<\/p>\n","protected":false},"excerpt":{"rendered":"<p>Gal\u00e9riaK\u00e9pgal\u00e9ria\u00dcnneps\u00e9g 2024. m\u00e1rcius 15-\u00e9n2024. m\u00e1rcius 15-\u00e9n \u00fcnneps\u00e9g\u00fcnkre a Klinke e.V. projektj\u00e9ben, a 09126 Chemnitzben, a Rosenplatz 4. sz\u00e1m alatt tal\u00e1lhat\u00f3 QUER BEET szociokultur\u00e1lis k\u00f6zpontban ker\u00fclt sor. Az 1848\/49-es forradalom h\u0151seire [&hellip;]<\/p>\n","protected":false},"author":7,"featured_media":0,"parent":3557,"menu_order":2,"comment_status":"closed","ping_status":"closed","template":"","meta":{"_et_pb_use_builder":"on","_et_pb_old_content":"","_et_gb_content_width":"","footnotes":""},"class_list":["post-34552","page","type-page","status-publish","hentry"],"yoast_head":"<!-- This site is optimized with the Yoast SEO plugin v27.4 - https:\/\/yoast.com\/product\/yoast-seo-wordpress\/ -->\n<title>\u00dcnneps\u00e9g 2024. m\u00e1rcius 15-\u00e9n - Ungarischer Kulturverein Chemnitz und Umgebung e. V.<\/title>\n<meta name=\"robots\" content=\"index, follow, max-snippet:-1, max-image-preview:large, max-video-preview:-1\" \/>\n<link rel=\"canonical\" href=\"https:\/\/www.ungarn-in-sachsen.de\/hu\/rendezvenyek\/kepgaleria\/uennepseg-2024-marcius-15-en\/\" \/>\n<meta property=\"og:locale\" content=\"hu_HU\" \/>\n<meta property=\"og:type\" content=\"article\" \/>\n<meta property=\"og:title\" content=\"\u00dcnneps\u00e9g 2024. m\u00e1rcius 15-\u00e9n - Ungarischer Kulturverein Chemnitz und Umgebung e. V.\" \/>\n<meta property=\"og:description\" content=\"Gal\u00e9riaK\u00e9pgal\u00e9ria\u00dcnneps\u00e9g 2024. m\u00e1rcius 15-\u00e9n2024. m\u00e1rcius 15-\u00e9n \u00fcnneps\u00e9g\u00fcnkre a Klinke e.V. projektj\u00e9ben, a 09126 Chemnitzben, a Rosenplatz 4. sz\u00e1m alatt tal\u00e1lhat\u00f3 QUER BEET szociokultur\u00e1lis k\u00f6zpontban ker\u00fclt sor. Az 1848\/49-es forradalom h\u0151seire [&hellip;]\" \/>\n<meta property=\"og:url\" content=\"https:\/\/www.ungarn-in-sachsen.de\/hu\/rendezvenyek\/kepgaleria\/uennepseg-2024-marcius-15-en\/\" \/>\n<meta property=\"og:site_name\" content=\"Ungarischer Kulturverein Chemnitz und Umgebung e. V.\" \/>\n<meta property=\"article:publisher\" content=\"https:\/\/www.facebook.com\/Ungarischer-Kulturverein-Chemnitz-und-Umgebung-eV-229421257171599\/\" \/>\n<meta property=\"article:modified_time\" content=\"2024-03-20T21:36:35+00:00\" \/>\n<meta name=\"twitter:card\" content=\"summary_large_image\" \/>\n<meta name=\"twitter:label1\" content=\"Becs\u00fclt olvas\u00e1si id\u0151\" \/>\n\t<meta name=\"twitter:data1\" content=\"3 perc\" \/>\n<script type=\"application\/ld+json\" class=\"yoast-schema-graph\">{\"@context\":\"https:\\\/\\\/schema.org\",\"@graph\":[{\"@type\":\"WebPage\",\"@id\":\"https:\\\/\\\/www.ungarn-in-sachsen.de\\\/hu\\\/rendezvenyek\\\/kepgaleria\\\/uennepseg-2024-marcius-15-en\\\/\",\"url\":\"https:\\\/\\\/www.ungarn-in-sachsen.de\\\/hu\\\/rendezvenyek\\\/kepgaleria\\\/uennepseg-2024-marcius-15-en\\\/\",\"name\":\"\u00dcnneps\u00e9g 2024. m\u00e1rcius 15-\u00e9n - Ungarischer Kulturverein Chemnitz und Umgebung e. V.\",\"isPartOf\":{\"@id\":\"https:\\\/\\\/www.ungarn-in-sachsen.de\\\/hu\\\/#website\"},\"datePublished\":\"2024-03-20T20:59:15+00:00\",\"dateModified\":\"2024-03-20T21:36:35+00:00\",\"breadcrumb\":{\"@id\":\"https:\\\/\\\/www.ungarn-in-sachsen.de\\\/hu\\\/rendezvenyek\\\/kepgaleria\\\/uennepseg-2024-marcius-15-en\\\/#breadcrumb\"},\"inLanguage\":\"hu\",\"potentialAction\":[{\"@type\":\"ReadAction\",\"target\":[\"https:\\\/\\\/www.ungarn-in-sachsen.de\\\/hu\\\/rendezvenyek\\\/kepgaleria\\\/uennepseg-2024-marcius-15-en\\\/\"]}]},{\"@type\":\"BreadcrumbList\",\"@id\":\"https:\\\/\\\/www.ungarn-in-sachsen.de\\\/hu\\\/rendezvenyek\\\/kepgaleria\\\/uennepseg-2024-marcius-15-en\\\/#breadcrumb\",\"itemListElement\":[{\"@type\":\"ListItem\",\"position\":1,\"name\":\"Startseite\",\"item\":\"https:\\\/\\\/www.ungarn-in-sachsen.de\\\/hu\\\/\"},{\"@type\":\"ListItem\",\"position\":2,\"name\":\"Rendezv\u00e9nyek\",\"item\":\"https:\\\/\\\/www.ungarn-in-sachsen.de\\\/hu\\\/rendezvenyek\\\/\"},{\"@type\":\"ListItem\",\"position\":3,\"name\":\"K\u00e9pgal\u00e9ria\",\"item\":\"https:\\\/\\\/www.ungarn-in-sachsen.de\\\/hu\\\/rendezvenyek\\\/kepgaleria\\\/\"},{\"@type\":\"ListItem\",\"position\":4,\"name\":\"\u00dcnneps\u00e9g 2024. m\u00e1rcius 15-\u00e9n\"}]},{\"@type\":\"WebSite\",\"@id\":\"https:\\\/\\\/www.ungarn-in-sachsen.de\\\/hu\\\/#website\",\"url\":\"https:\\\/\\\/www.ungarn-in-sachsen.de\\\/hu\\\/\",\"name\":\"Ungarischer Kulturverein Chemnitz und Umgebung e. V.\",\"description\":\"Treffpunkt f\u00fcr Freunde der ungarischen Kultur\",\"publisher\":{\"@id\":\"https:\\\/\\\/www.ungarn-in-sachsen.de\\\/hu\\\/#organization\"},\"potentialAction\":[{\"@type\":\"SearchAction\",\"target\":{\"@type\":\"EntryPoint\",\"urlTemplate\":\"https:\\\/\\\/www.ungarn-in-sachsen.de\\\/hu\\\/?s={search_term_string}\"},\"query-input\":{\"@type\":\"PropertyValueSpecification\",\"valueRequired\":true,\"valueName\":\"search_term_string\"}}],\"inLanguage\":\"hu\"},{\"@type\":\"Organization\",\"@id\":\"https:\\\/\\\/www.ungarn-in-sachsen.de\\\/hu\\\/#organization\",\"name\":\"Ungarischer Kulturverein Chemnitz und Umgebung e.V.\",\"url\":\"https:\\\/\\\/www.ungarn-in-sachsen.de\\\/hu\\\/\",\"logo\":{\"@type\":\"ImageObject\",\"inLanguage\":\"hu\",\"@id\":\"https:\\\/\\\/www.ungarn-in-sachsen.de\\\/hu\\\/#\\\/schema\\\/logo\\\/image\\\/\",\"url\":\"https:\\\/\\\/www.ungarn-in-sachsen.de\\\/wp-content\\\/uploads\\\/2019\\\/04\\\/logo.jpg\",\"contentUrl\":\"https:\\\/\\\/www.ungarn-in-sachsen.de\\\/wp-content\\\/uploads\\\/2019\\\/04\\\/logo.jpg\",\"width\":266,\"height\":170,\"caption\":\"Ungarischer Kulturverein Chemnitz und Umgebung e.V.\"},\"image\":{\"@id\":\"https:\\\/\\\/www.ungarn-in-sachsen.de\\\/hu\\\/#\\\/schema\\\/logo\\\/image\\\/\"},\"sameAs\":[\"https:\\\/\\\/www.facebook.com\\\/Ungarischer-Kulturverein-Chemnitz-und-Umgebung-eV-229421257171599\\\/\"]}]}<\/script>\n<!-- \/ Yoast SEO plugin. -->","yoast_head_json":{"title":"\u00dcnneps\u00e9g 2024. m\u00e1rcius 15-\u00e9n - Ungarischer Kulturverein Chemnitz und Umgebung e. V.","robots":{"index":"index","follow":"follow","max-snippet":"max-snippet:-1","max-image-preview":"max-image-preview:large","max-video-preview":"max-video-preview:-1"},"canonical":"https:\/\/www.ungarn-in-sachsen.de\/hu\/rendezvenyek\/kepgaleria\/uennepseg-2024-marcius-15-en\/","og_locale":"hu_HU","og_type":"article","og_title":"\u00dcnneps\u00e9g 2024. m\u00e1rcius 15-\u00e9n - Ungarischer Kulturverein Chemnitz und Umgebung e. V.","og_description":"Gal\u00e9riaK\u00e9pgal\u00e9ria\u00dcnneps\u00e9g 2024. m\u00e1rcius 15-\u00e9n2024. m\u00e1rcius 15-\u00e9n \u00fcnneps\u00e9g\u00fcnkre a Klinke e.V. projektj\u00e9ben, a 09126 Chemnitzben, a Rosenplatz 4. sz\u00e1m alatt tal\u00e1lhat\u00f3 QUER BEET szociokultur\u00e1lis k\u00f6zpontban ker\u00fclt sor. Az 1848\/49-es forradalom h\u0151seire [&hellip;]","og_url":"https:\/\/www.ungarn-in-sachsen.de\/hu\/rendezvenyek\/kepgaleria\/uennepseg-2024-marcius-15-en\/","og_site_name":"Ungarischer Kulturverein Chemnitz und Umgebung e. V.","article_publisher":"https:\/\/www.facebook.com\/Ungarischer-Kulturverein-Chemnitz-und-Umgebung-eV-229421257171599\/","article_modified_time":"2024-03-20T21:36:35+00:00","twitter_card":"summary_large_image","twitter_misc":{"Becs\u00fclt olvas\u00e1si id\u0151":"3 perc"},"schema":{"@context":"https:\/\/schema.org","@graph":[{"@type":"WebPage","@id":"https:\/\/www.ungarn-in-sachsen.de\/hu\/rendezvenyek\/kepgaleria\/uennepseg-2024-marcius-15-en\/","url":"https:\/\/www.ungarn-in-sachsen.de\/hu\/rendezvenyek\/kepgaleria\/uennepseg-2024-marcius-15-en\/","name":"\u00dcnneps\u00e9g 2024. m\u00e1rcius 15-\u00e9n - Ungarischer Kulturverein Chemnitz und Umgebung e. V.","isPartOf":{"@id":"https:\/\/www.ungarn-in-sachsen.de\/hu\/#website"},"datePublished":"2024-03-20T20:59:15+00:00","dateModified":"2024-03-20T21:36:35+00:00","breadcrumb":{"@id":"https:\/\/www.ungarn-in-sachsen.de\/hu\/rendezvenyek\/kepgaleria\/uennepseg-2024-marcius-15-en\/#breadcrumb"},"inLanguage":"hu","potentialAction":[{"@type":"ReadAction","target":["https:\/\/www.ungarn-in-sachsen.de\/hu\/rendezvenyek\/kepgaleria\/uennepseg-2024-marcius-15-en\/"]}]},{"@type":"BreadcrumbList","@id":"https:\/\/www.ungarn-in-sachsen.de\/hu\/rendezvenyek\/kepgaleria\/uennepseg-2024-marcius-15-en\/#breadcrumb","itemListElement":[{"@type":"ListItem","position":1,"name":"Startseite","item":"https:\/\/www.ungarn-in-sachsen.de\/hu\/"},{"@type":"ListItem","position":2,"name":"Rendezv\u00e9nyek","item":"https:\/\/www.ungarn-in-sachsen.de\/hu\/rendezvenyek\/"},{"@type":"ListItem","position":3,"name":"K\u00e9pgal\u00e9ria","item":"https:\/\/www.ungarn-in-sachsen.de\/hu\/rendezvenyek\/kepgaleria\/"},{"@type":"ListItem","position":4,"name":"\u00dcnneps\u00e9g 2024. m\u00e1rcius 15-\u00e9n"}]},{"@type":"WebSite","@id":"https:\/\/www.ungarn-in-sachsen.de\/hu\/#website","url":"https:\/\/www.ungarn-in-sachsen.de\/hu\/","name":"Ungarischer Kulturverein Chemnitz und Umgebung e. V.","description":"Treffpunkt f\u00fcr Freunde der ungarischen Kultur","publisher":{"@id":"https:\/\/www.ungarn-in-sachsen.de\/hu\/#organization"},"potentialAction":[{"@type":"SearchAction","target":{"@type":"EntryPoint","urlTemplate":"https:\/\/www.ungarn-in-sachsen.de\/hu\/?s={search_term_string}"},"query-input":{"@type":"PropertyValueSpecification","valueRequired":true,"valueName":"search_term_string"}}],"inLanguage":"hu"},{"@type":"Organization","@id":"https:\/\/www.ungarn-in-sachsen.de\/hu\/#organization","name":"Ungarischer Kulturverein Chemnitz und Umgebung e.V.","url":"https:\/\/www.ungarn-in-sachsen.de\/hu\/","logo":{"@type":"ImageObject","inLanguage":"hu","@id":"https:\/\/www.ungarn-in-sachsen.de\/hu\/#\/schema\/logo\/image\/","url":"https:\/\/www.ungarn-in-sachsen.de\/wp-content\/uploads\/2019\/04\/logo.jpg","contentUrl":"https:\/\/www.ungarn-in-sachsen.de\/wp-content\/uploads\/2019\/04\/logo.jpg","width":266,"height":170,"caption":"Ungarischer Kulturverein Chemnitz und Umgebung e.V."},"image":{"@id":"https:\/\/www.ungarn-in-sachsen.de\/hu\/#\/schema\/logo\/image\/"},"sameAs":["https:\/\/www.facebook.com\/Ungarischer-Kulturverein-Chemnitz-und-Umgebung-eV-229421257171599\/"]}]}},"_links":{"self":[{"href":"https:\/\/www.ungarn-in-sachsen.de\/hu\/wp-json\/wp\/v2\/pages\/34552","targetHints":{"allow":["GET"]}}],"collection":[{"href":"https:\/\/www.ungarn-in-sachsen.de\/hu\/wp-json\/wp\/v2\/pages"}],"about":[{"href":"https:\/\/www.ungarn-in-sachsen.de\/hu\/wp-json\/wp\/v2\/types\/page"}],"author":[{"embeddable":true,"href":"https:\/\/www.ungarn-in-sachsen.de\/hu\/wp-json\/wp\/v2\/users\/7"}],"replies":[{"embeddable":true,"href":"https:\/\/www.ungarn-in-sachsen.de\/hu\/wp-json\/wp\/v2\/comments?post=34552"}],"version-history":[{"count":0,"href":"https:\/\/www.ungarn-in-sachsen.de\/hu\/wp-json\/wp\/v2\/pages\/34552\/revisions"}],"up":[{"embeddable":true,"href":"https:\/\/www.ungarn-in-sachsen.de\/hu\/wp-json\/wp\/v2\/pages\/3557"}],"wp:attachment":[{"href":"https:\/\/www.ungarn-in-sachsen.de\/hu\/wp-json\/wp\/v2\/media?parent=34552"}],"curies":[{"name":"wp","href":"https:\/\/api.w.org\/{rel}","templated":true}]}}